{"id":10,"date":"2018-04-10T14:53:42","date_gmt":"2018-04-10T14:53:42","guid":{"rendered":"http:\/\/davidneto.com\/?page_id=10"},"modified":"2020-11-16T18:39:16","modified_gmt":"2020-11-16T18:39:16","slug":"candidaturas","status":"publish","type":"page","link":"https:\/\/davidneto.com\/de\/grupo\/candidaturas\/","title":{"rendered":"Bewerbungen"},"content":{"rendered":"<div class=\"page\" title=\"Page 18\">\n<div class=\"layoutArea\">\n<div class=\"column\">\n<p>M\u00f6chten Sie einer soliden Gruppe beitreten? Arbeiten Sie in einem dynamischen Umfeld, in dem Sie Ihre berufliche Laufbahn bereichern und weiterentwickeln k\u00f6nnen? Wir sind immer auf der Suche nach neuen Talenten f\u00fcr unser Team! F\u00fcllen Sie das folgende Formular aus, wir werden uns mit Ihnen in Verbindung setzen, sobald Ihr Profil zur Stelle eines unserer Unternehmen passt.<\/p>\n<\/div>\n<\/div>\n<\/div>\n","protected":false},"excerpt":{"rendered":"<p>M\u00f6chten Sie einer soliden Gruppe beitreten? Arbeiten Sie in einem dynamischen Umfeld, in dem Sie Ihre berufliche Laufbahn bereichern und weiterentwickeln k\u00f6nnen? Wir sind immer auf der Suche nach neuen Talenten f\u00fcr unser Team! F\u00fcllen Sie das folgende Formular aus, wir werden uns mit Ihnen in Verbindung setzen, sobald Ihr Profil zur Stelle eines unserer [&hellip;]<\/p>\n","protected":false},"author":1,"featured_media":0,"parent":5,"menu_order":1,"comment_status":"closed","ping_status":"closed","template":"model-3.php","meta":[],"_links":{"self":[{"href":"https:\/\/davidneto.com\/de\/wp-json\/wp\/v2\/pages\/10"}],"collection":[{"href":"https:\/\/davidneto.com\/de\/wp-json\/wp\/v2\/pages"}],"about":[{"href":"https:\/\/davidneto.com\/de\/wp-json\/wp\/v2\/types\/page"}],"author":[{"embeddable":true,"href":"https:\/\/davidneto.com\/de\/wp-json\/wp\/v2\/users\/1"}],"replies":[{"embeddable":true,"href":"https:\/\/davidneto.com\/de\/wp-json\/wp\/v2\/comments?post=10"}],"version-history":[{"count":48,"href":"https:\/\/davidneto.com\/de\/wp-json\/wp\/v2\/pages\/10\/revisions"}],"predecessor-version":[{"id":1488,"href":"https:\/\/davidneto.com\/de\/wp-json\/wp\/v2\/pages\/10\/revisions\/1488"}],"up":[{"embeddable":true,"href":"https:\/\/davidneto.com\/de\/wp-json\/wp\/v2\/pages\/5"}],"wp:attachment":[{"href":"https:\/\/davidneto.com\/de\/wp-json\/wp\/v2\/media?parent=10"}],"curies":[{"name":"wp","href":"https:\/\/api.w.org\/{rel}","templated":true}]}}