{"id":1031,"date":"2020-07-27T13:52:13","date_gmt":"2020-07-27T13:52:13","guid":{"rendered":"http:\/\/davidneto.com\/?page_id=1031"},"modified":"2025-04-22T22:12:10","modified_gmt":"2025-04-22T22:12:10","slug":"pol","status":"publish","type":"page","link":"https:\/\/davidneto.com\/de\/pol\/","title":{"rendered":"Qualit\u00e4tspolitik"},"content":{"rendered":"<p class=\"\" style=\"text-align: left;\" data-start=\"92\" data-end=\"162\">Die Unternehmensgruppe David Neto, bestehend aus den folgenden Firmen:<\/p>\n<p class=\"\" style=\"text-align: left;\" data-start=\"164\" data-end=\"246\"><strong data-start=\"164\" data-end=\"196\">DAVID NETO \u2013 Transports, SA,<\/strong><br data-start=\"196\" data-end=\"199\" \/><em data-start=\"199\" data-end=\"246\">Nationaler und internationaler G\u00fctertransport<\/em><\/p>\n<p class=\"\" style=\"text-align: left;\" data-start=\"248\" data-end=\"281\"><strong data-start=\"248\" data-end=\"267\">DN &#8211; Cargo, Lda<\/strong><br data-start=\"267\" data-end=\"270\" \/><em data-start=\"270\" data-end=\"281\">Spediteur<\/em><\/p>\n<p class=\"\" style=\"text-align: left;\" data-start=\"283\" data-end=\"357\"><strong data-start=\"283\" data-end=\"321\">DDN \u2013 Distribui\u00e7\u00e3o David Neto, SA,<\/strong><br data-start=\"321\" data-end=\"324\" \/><em data-start=\"324\" data-end=\"357\">Logistik, Lagerung und Vertrieb<\/em><\/p>\n<p class=\"\" style=\"text-align: left;\" data-start=\"359\" data-end=\"703\">strebt danach, eine Referenzgruppe im Bereich des nationalen und internationalen G\u00fctertransports, der Logistik, Lagerung und Verteilung zu sein. Daher verpflichtet sich die Gesch\u00e4ftsf\u00fchrung zur kontinuierlichen Verbesserung ihres Qualit\u00e4tsmanagementsystems, um den Bed\u00fcrfnissen der Kunden gerecht zu werden und deren Zufriedenheit zu erreichen.<\/p>\n<p class=\"\" style=\"text-align: left;\" data-start=\"705\" data-end=\"793\">Um unser Engagement zu erf\u00fcllen, basiert unsere Strategie auf den folgenden Grunds\u00e4tzen:<\/p>\n<p class=\"\" style=\"text-align: left;\" data-start=\"795\" data-end=\"902\"><strong data-start=\"795\" data-end=\"809\">Einhaltung<\/strong> der Anforderungen der Interessengruppen sowie gesetzlicher und regulatorischer Vorschriften;<\/p>\n<p class=\"\" style=\"text-align: left;\" data-start=\"904\" data-end=\"972\"><strong data-start=\"904\" data-end=\"917\">Kompetenz<\/strong> der Mitarbeiter \u2013 durch kontinuierliche Weiterbildung;<\/p>\n<p class=\"\" style=\"text-align: left;\" data-start=\"974\" data-end=\"1054\"><strong data-start=\"974\" data-end=\"990\">Verbesserung<\/strong> der Prozesse \u2013 durch Kontrolle und Bewertung ihrer Wirksamkeit;<\/p>\n<p class=\"\" style=\"text-align: left;\" data-start=\"1056\" data-end=\"1206\"><strong data-start=\"1056\" data-end=\"1083\">Gute Arbeitsbedingungen<\/strong> \u2013 durch Bereitstellung geeigneter Einrichtungen und Ausstattungen sowie F\u00f6rderung eines guten zwischenmenschlichen Klimas;<\/p>\n<p class=\"\" style=\"text-align: left;\" data-start=\"1208\" data-end=\"1290\"><strong data-start=\"1208\" data-end=\"1224\">Umweltschutz<\/strong> \u2013 durch den Erwerb umweltfreundlicher Fahrzeuge und M\u00fclltrennung.<\/p>\n<p class=\"\" style=\"text-align: left;\" data-start=\"1292\" data-end=\"1386\">Ein unersch\u00fctterliches Engagement, getragen von einer Vision nachhaltigen Wachstums seit 1954.<\/p>\n","protected":false},"excerpt":{"rendered":"<p>Die Unternehmensgruppe David Neto, bestehend aus den folgenden Firmen: DAVID NETO \u2013 Transports, SA,Nationaler und internationaler G\u00fctertransport DN &#8211; Cargo, LdaSpediteur DDN \u2013 Distribui\u00e7\u00e3o David Neto, SA,Logistik, Lagerung und Vertrieb strebt danach, eine Referenzgruppe im Bereich des nationalen und internationalen G\u00fctertransports, der Logistik, Lagerung und Verteilung zu sein. Daher verpflichtet sich die Gesch\u00e4ftsf\u00fchrung zur kontinuierlichen [&hellip;]<\/p>\n","protected":false},"author":1,"featured_media":0,"parent":0,"menu_order":0,"comment_status":"closed","ping_status":"closed","template":"model-10.php","meta":[],"_links":{"self":[{"href":"https:\/\/davidneto.com\/de\/wp-json\/wp\/v2\/pages\/1031"}],"collection":[{"href":"https:\/\/davidneto.com\/de\/wp-json\/wp\/v2\/pages"}],"about":[{"href":"https:\/\/davidneto.com\/de\/wp-json\/wp\/v2\/types\/page"}],"author":[{"embeddable":true,"href":"https:\/\/davidneto.com\/de\/wp-json\/wp\/v2\/users\/1"}],"replies":[{"embeddable":true,"href":"https:\/\/davidneto.com\/de\/wp-json\/wp\/v2\/comments?post=1031"}],"version-history":[{"count":26,"href":"https:\/\/davidneto.com\/de\/wp-json\/wp\/v2\/pages\/1031\/revisions"}],"predecessor-version":[{"id":1748,"href":"https:\/\/davidneto.com\/de\/wp-json\/wp\/v2\/pages\/1031\/revisions\/1748"}],"wp:attachment":[{"href":"https:\/\/davidneto.com\/de\/wp-json\/wp\/v2\/media?parent=1031"}],"curies":[{"name":"wp","href":"https:\/\/api.w.org\/{rel}","templated":true}]}}