{"id":21,"date":"2018-04-10T14:58:36","date_gmt":"2018-04-10T14:58:36","guid":{"rendered":"http:\/\/davidneto.com\/?page_id=21"},"modified":"2021-06-21T14:05:31","modified_gmt":"2021-06-21T14:05:31","slug":"transports","status":"publish","type":"page","link":"https:\/\/davidneto.com\/de\/transports\/","title":{"rendered":"Transport"},"content":{"rendered":"<div class=\"page\" title=\"Page 20\">\n<div class=\"section\">\n<div class=\"layoutArea\">\n<div class=\"column\">\n<p>Sie denken, wir liefern. Mit \u00fcber 60 Jahren Erfahrung st\u00fctzt sich David Neto Transport bei der Einhaltung von Fristen auf Sicherheit, Professionalit\u00e4t und Sorgfalt. David Neto Transportes verf\u00fcgt \u00fcber einen t\u00e4glichen Transport- und Sammelgutdienst im ganzen Land und zu jedem Punkt in Europa und verf\u00fcgt \u00fcber ein Kommunikationssystem, das die vollst\u00e4ndige Kontrolle \u00fcber seine Fahrzeuge erm\u00f6glicht und somit eine sofortige Reaktion auf die Kunden sowie eine vollst\u00e4ndige Anpassung an erm\u00f6glicht Transportbed\u00fcrfnisse jedes Kunden durch unterschiedliche Fahrzeugtypen f\u00fcr unterschiedliche Bedarfstypen. Mit uns wird Ihr Gesch\u00e4ft sicher, schnell und effizient bis zum endg\u00fcltigen Bestimmungsort gef\u00fchrt.<\/p>\n<\/div>\n<\/div>\n<\/div>\n<\/div>\n","protected":false},"excerpt":{"rendered":"<p>Sie denken, wir liefern. Mit \u00fcber 60 Jahren Erfahrung st\u00fctzt sich David Neto Transport bei der Einhaltung von Fristen auf Sicherheit, Professionalit\u00e4t und Sorgfalt. David Neto Transportes verf\u00fcgt \u00fcber einen t\u00e4glichen Transport- und Sammelgutdienst im ganzen Land und zu jedem Punkt in Europa und verf\u00fcgt \u00fcber ein Kommunikationssystem, das die vollst\u00e4ndige Kontrolle \u00fcber seine Fahrzeuge [&hellip;]<\/p>\n","protected":false},"author":1,"featured_media":0,"parent":0,"menu_order":0,"comment_status":"closed","ping_status":"closed","template":"model-8.php","meta":[],"_links":{"self":[{"href":"https:\/\/davidneto.com\/de\/wp-json\/wp\/v2\/pages\/21"}],"collection":[{"href":"https:\/\/davidneto.com\/de\/wp-json\/wp\/v2\/pages"}],"about":[{"href":"https:\/\/davidneto.com\/de\/wp-json\/wp\/v2\/types\/page"}],"author":[{"embeddable":true,"href":"https:\/\/davidneto.com\/de\/wp-json\/wp\/v2\/users\/1"}],"replies":[{"embeddable":true,"href":"https:\/\/davidneto.com\/de\/wp-json\/wp\/v2\/comments?post=21"}],"version-history":[{"count":155,"href":"https:\/\/davidneto.com\/de\/wp-json\/wp\/v2\/pages\/21\/revisions"}],"predecessor-version":[{"id":1628,"href":"https:\/\/davidneto.com\/de\/wp-json\/wp\/v2\/pages\/21\/revisions\/1628"}],"wp:attachment":[{"href":"https:\/\/davidneto.com\/de\/wp-json\/wp\/v2\/media?parent=21"}],"curies":[{"name":"wp","href":"https:\/\/api.w.org\/{rel}","templated":true}]}}