{"id":23,"date":"2018-04-10T14:59:23","date_gmt":"2018-04-10T14:59:23","guid":{"rendered":"http:\/\/davidneto.com\/?page_id=23"},"modified":"2019-05-06T08:42:34","modified_gmt":"2019-05-06T08:42:34","slug":"planotir","status":"publish","type":"page","link":"https:\/\/davidneto.com\/de\/setores-de-atividade\/planotir\/","title":{"rendered":"Planotir"},"content":{"rendered":"<p>Mit 25 Jahren T\u00e4tigkeit wurde David Neto Planotir mit dem Ziel gegr\u00fcndet, ma\u00dfgeschneiderte Transportl\u00f6sungen f\u00fcr die Bed\u00fcrfnisse seiner Kunden anzubieten. Die Gr\u00fcndung der Gruppe im Jahr 1990 zielte auf eine Rationalisierung des internationalen Transports und eine effektive Reaktion auf Import- \/ Exportprobleme ab.<\/p>\n<p>David Neto Planotir reagiert auf die Transportbed\u00fcrfnisse Ihres Unternehmens mit der M\u00f6glichkeit von Komplettladungen oder Sammelgut und f\u00fchrt regelm\u00e4\u00dfig zu Zielen wie Deutschland, Belgien, Spanien, Frankreich, Griechenland, Holland, Italien, Luxemburg, Polen oder Rum\u00e4nien. Alle Fahrten werden von GPS gesteuert, zusammen mit Verkehrsteilnehmern, die maximale Sicherheit und Effizienz garantiert. Mit einem breiten Know-how in anspruchsvollen M\u00e4rkten wie der Automobil-, Metallurgie- oder Technologiebranche ist es seine Aufgabe, eine Reihe von L\u00f6sungen anzubieten, die von Land, Luft oder See aus m\u00f6glich sind.<\/p>\n<p>Die &#8222;just in time&#8220; -Philosophie betont die F\u00e4higkeit, Lieferungen zu garantieren, ohne die Termine zu verfehlen und das Vertrauen der Kunden zu st\u00e4rken.<\/p>\n","protected":false},"excerpt":{"rendered":"<p>Mit 25 Jahren T\u00e4tigkeit wurde David Neto Planotir mit dem Ziel gegr\u00fcndet, ma\u00dfgeschneiderte Transportl\u00f6sungen f\u00fcr die Bed\u00fcrfnisse seiner Kunden anzubieten. Die Gr\u00fcndung der Gruppe im Jahr 1990 zielte auf eine Rationalisierung des internationalen Transports und eine effektive Reaktion auf Import- \/ Exportprobleme ab. David Neto Planotir reagiert auf die Transportbed\u00fcrfnisse Ihres Unternehmens mit der M\u00f6glichkeit [&hellip;]<\/p>\n","protected":false},"author":1,"featured_media":0,"parent":19,"menu_order":1,"comment_status":"closed","ping_status":"closed","template":"model-5.php","meta":[],"_links":{"self":[{"href":"https:\/\/davidneto.com\/de\/wp-json\/wp\/v2\/pages\/23"}],"collection":[{"href":"https:\/\/davidneto.com\/de\/wp-json\/wp\/v2\/pages"}],"about":[{"href":"https:\/\/davidneto.com\/de\/wp-json\/wp\/v2\/types\/page"}],"author":[{"embeddable":true,"href":"https:\/\/davidneto.com\/de\/wp-json\/wp\/v2\/users\/1"}],"replies":[{"embeddable":true,"href":"https:\/\/davidneto.com\/de\/wp-json\/wp\/v2\/comments?post=23"}],"version-history":[{"count":42,"href":"https:\/\/davidneto.com\/de\/wp-json\/wp\/v2\/pages\/23\/revisions"}],"predecessor-version":[{"id":823,"href":"https:\/\/davidneto.com\/de\/wp-json\/wp\/v2\/pages\/23\/revisions\/823"}],"up":[{"embeddable":true,"href":"https:\/\/davidneto.com\/de\/wp-json\/wp\/v2\/pages\/19"}],"wp:attachment":[{"href":"https:\/\/davidneto.com\/de\/wp-json\/wp\/v2\/media?parent=23"}],"curies":[{"name":"wp","href":"https:\/\/api.w.org\/{rel}","templated":true}]}}