{"id":25,"date":"2018-04-10T15:00:11","date_gmt":"2018-04-10T15:00:11","guid":{"rendered":"http:\/\/davidneto.com\/?page_id=25"},"modified":"2021-06-21T13:01:00","modified_gmt":"2021-06-21T13:01:00","slug":"logistics","status":"publish","type":"page","link":"https:\/\/davidneto.com\/de\/logistics\/","title":{"rendered":"Logistiks"},"content":{"rendered":"<p>David Neto Logistics wurde 1991 gegr\u00fcndet, um den Anforderungen der Lagerhaltung und der guten Konservierung der Waren seiner Kunden gerecht zu werden: Es verf\u00fcgt \u00fcber Lagerfl\u00e4chen mit computergest\u00fctzter Lagerverwaltung, Kommissioniersystem f\u00fcr Kommissionierung und Cross-Docking. Verpackung, Etikettierung und andere logistische Vorg\u00e4nge geh\u00f6ren ebenfalls zu unserem t\u00e4glichen Leben, immer mit der Garantie h\u00f6chster Qualit\u00e4t zu einem wettbewerbsf\u00e4higen Preis. Aufbauend auf einer immer solidierte Position auf dem nationalen Logistikmarkt und dar\u00fcber hinaus verf\u00fcgt David Neto Logistics \u00fcber eigene Lager und ist mit der besten Technologie f\u00fcr die Kontrolle von St\u00fcckgut, Karton, Karton oder Palette ausgestattet. Derzeit ist das Unternehmen f\u00fcr das t\u00e4gliche Management von Hunderten von Produkten und Tausenden von renommierten nationalen und internationalen Markenreferenzen verantwortlich.<\/p>\n","protected":false},"excerpt":{"rendered":"<p>David Neto Logistics wurde 1991 gegr\u00fcndet, um den Anforderungen der Lagerhaltung und der guten Konservierung der Waren seiner Kunden gerecht zu werden: Es verf\u00fcgt \u00fcber Lagerfl\u00e4chen mit computergest\u00fctzter Lagerverwaltung, Kommissioniersystem f\u00fcr Kommissionierung und Cross-Docking. Verpackung, Etikettierung und andere logistische Vorg\u00e4nge geh\u00f6ren ebenfalls zu unserem t\u00e4glichen Leben, immer mit der Garantie h\u00f6chster Qualit\u00e4t zu einem wettbewerbsf\u00e4higen [&hellip;]<\/p>\n","protected":false},"author":1,"featured_media":0,"parent":0,"menu_order":2,"comment_status":"closed","ping_status":"closed","template":"model-2.php","meta":[],"_links":{"self":[{"href":"https:\/\/davidneto.com\/de\/wp-json\/wp\/v2\/pages\/25"}],"collection":[{"href":"https:\/\/davidneto.com\/de\/wp-json\/wp\/v2\/pages"}],"about":[{"href":"https:\/\/davidneto.com\/de\/wp-json\/wp\/v2\/types\/page"}],"author":[{"embeddable":true,"href":"https:\/\/davidneto.com\/de\/wp-json\/wp\/v2\/users\/1"}],"replies":[{"embeddable":true,"href":"https:\/\/davidneto.com\/de\/wp-json\/wp\/v2\/comments?post=25"}],"version-history":[{"count":91,"href":"https:\/\/davidneto.com\/de\/wp-json\/wp\/v2\/pages\/25\/revisions"}],"predecessor-version":[{"id":1625,"href":"https:\/\/davidneto.com\/de\/wp-json\/wp\/v2\/pages\/25\/revisions\/1625"}],"wp:attachment":[{"href":"https:\/\/davidneto.com\/de\/wp-json\/wp\/v2\/media?parent=25"}],"curies":[{"name":"wp","href":"https:\/\/api.w.org\/{rel}","templated":true}]}}