{"id":27,"date":"2018-04-10T15:00:29","date_gmt":"2018-04-10T15:00:29","guid":{"rendered":"http:\/\/davidneto.com\/?page_id=27"},"modified":"2021-07-05T16:40:19","modified_gmt":"2021-07-05T16:40:19","slug":"travel","status":"publish","type":"page","link":"https:\/\/davidneto.com\/de\/travel\/","title":{"rendered":"Reisen"},"content":{"rendered":"<p>Erstellt 2003 mit dem Ziel, den Reisebedarf der Kunden der David Neto Gruppe zu decken, unsere Gesch\u00e4ftseinheit, die mit dem Tourismus verbunden ist, wurde mit dem Ziel gegr\u00fcndet, den Unternehmen bei der Verwaltung ihrer Gesch\u00e4ftsreisen einen ausgezeichneten Service zu bieten, sondern auch an Einzelpersonen auf Urlaubsreisen. Die Agentur zeichnet sich durch die Personalisierung ihrer Dienstleistungen und die F\u00e4higkeit aus, jede Art von Reise zu unterst\u00fctzen.&nbsp;Unterst\u00fctzt auf den neuen Technologien, dem Netzwerk von Agenten und nationalen und ausl\u00e4ndischen Betreibern, bei der Personalisierung und Nachverfolgung ihrer Kunden, stellt sich David Neto Travel mit derselben Zuversicht und Entschlossenheit, mit der es sich seinen Weg bahnt, auf die Zukunft und seine Herausforderungen auf dem es sich stift. Ein Reiseb\u00fcro dynamisch und aufmerksam auf Ihre Bed\u00fcrfnisse!<\/p>\n","protected":false},"excerpt":{"rendered":"<p>Erstellt 2003 mit dem Ziel, den Reisebedarf der Kunden der David Neto Gruppe zu decken, unsere Gesch\u00e4ftseinheit, die mit dem Tourismus verbunden ist, wurde mit dem Ziel gegr\u00fcndet, den Unternehmen bei der Verwaltung ihrer Gesch\u00e4ftsreisen einen ausgezeichneten Service zu bieten, sondern auch an Einzelpersonen auf Urlaubsreisen. Die Agentur zeichnet sich durch die Personalisierung ihrer Dienstleistungen [&hellip;]<\/p>\n","protected":false},"author":1,"featured_media":0,"parent":0,"menu_order":4,"comment_status":"closed","ping_status":"closed","template":"model-12.php","meta":[],"_links":{"self":[{"href":"https:\/\/davidneto.com\/de\/wp-json\/wp\/v2\/pages\/27"}],"collection":[{"href":"https:\/\/davidneto.com\/de\/wp-json\/wp\/v2\/pages"}],"about":[{"href":"https:\/\/davidneto.com\/de\/wp-json\/wp\/v2\/types\/page"}],"author":[{"embeddable":true,"href":"https:\/\/davidneto.com\/de\/wp-json\/wp\/v2\/users\/1"}],"replies":[{"embeddable":true,"href":"https:\/\/davidneto.com\/de\/wp-json\/wp\/v2\/comments?post=27"}],"version-history":[{"count":87,"href":"https:\/\/davidneto.com\/de\/wp-json\/wp\/v2\/pages\/27\/revisions"}],"predecessor-version":[{"id":1640,"href":"https:\/\/davidneto.com\/de\/wp-json\/wp\/v2\/pages\/27\/revisions\/1640"}],"wp:attachment":[{"href":"https:\/\/davidneto.com\/de\/wp-json\/wp\/v2\/media?parent=27"}],"curies":[{"name":"wp","href":"https:\/\/api.w.org\/{rel}","templated":true}]}}