{"id":41,"date":"2018-04-10T15:05:46","date_gmt":"2018-04-10T15:05:46","guid":{"rendered":"http:\/\/davidneto.com\/?page_id=41"},"modified":"2019-05-08T07:50:37","modified_gmt":"2019-05-08T07:50:37","slug":"expresso-2","status":"publish","type":"page","link":"https:\/\/davidneto.com\/de\/setores-de-atividade\/expresso-2\/","title":{"rendered":"Expresso"},"content":{"rendered":"<p>Es wurde 2007 von der David Neto Gruppe erworben und zielte darauf ab, effizient auf Serviceanfragen mit kurzen Laufzeiten zu reagieren und somit den Kunden der Gruppe eine gr\u00f6ssere Auswahl an Optionen zu bieten. Es pr\u00e4sentiert sich als Expressfrachtunternehmen, sowohl in Portugal als auch anderswo in Europa schnelle Lieferungen zu liefern, und zwar aus eigenen Mitteln und verbunden mit einem internationalen Partnernetzwerk, das t\u00e4glich Hunderte von Transportm\u00f6glichkeiten bietet.<\/p>\n<p>Neben einem dedizierten Express-Service &#8211; sofortige Anfragen mit Lieferung in k\u00fcrzester Zeit- bietet David Neto Expresso auch einen Paketvertrieb, bei dem jeder Transport mehrere Gruppen von mehreren Kunden umfasst.<\/p>\n<p>Alle Transportl\u00f6sungen &#8211; von Kartons bis zu vollen Paletten &#8211; in Leichtfahrzeugen oder LKWs werden st\u00e4ndig mit GPS-Systemen \u00fcberwacht und verf\u00fcgen \u00fcber eine starke Expertise in der Automobil- und Hotelbranche.<\/p>\n","protected":false},"excerpt":{"rendered":"<p>Es wurde 2007 von der David Neto Gruppe erworben und zielte darauf ab, effizient auf Serviceanfragen mit kurzen Laufzeiten zu reagieren und somit den Kunden der Gruppe eine gr\u00f6ssere Auswahl an Optionen zu bieten. Es pr\u00e4sentiert sich als Expressfrachtunternehmen, sowohl in Portugal als auch anderswo in Europa schnelle Lieferungen zu liefern, und zwar aus eigenen [&hellip;]<\/p>\n","protected":false},"author":1,"featured_media":0,"parent":19,"menu_order":3,"comment_status":"closed","ping_status":"closed","template":"model-2.php","meta":[],"_links":{"self":[{"href":"https:\/\/davidneto.com\/de\/wp-json\/wp\/v2\/pages\/41"}],"collection":[{"href":"https:\/\/davidneto.com\/de\/wp-json\/wp\/v2\/pages"}],"about":[{"href":"https:\/\/davidneto.com\/de\/wp-json\/wp\/v2\/types\/page"}],"author":[{"embeddable":true,"href":"https:\/\/davidneto.com\/de\/wp-json\/wp\/v2\/users\/1"}],"replies":[{"embeddable":true,"href":"https:\/\/davidneto.com\/de\/wp-json\/wp\/v2\/comments?post=41"}],"version-history":[{"count":24,"href":"https:\/\/davidneto.com\/de\/wp-json\/wp\/v2\/pages\/41\/revisions"}],"predecessor-version":[{"id":836,"href":"https:\/\/davidneto.com\/de\/wp-json\/wp\/v2\/pages\/41\/revisions\/836"}],"up":[{"embeddable":true,"href":"https:\/\/davidneto.com\/de\/wp-json\/wp\/v2\/pages\/19"}],"wp:attachment":[{"href":"https:\/\/davidneto.com\/de\/wp-json\/wp\/v2\/media?parent=41"}],"curies":[{"name":"wp","href":"https:\/\/api.w.org\/{rel}","templated":true}]}}