{"id":424,"date":"2019-01-03T15:57:59","date_gmt":"2019-01-03T15:57:59","guid":{"rendered":"http:\/\/davidneto.com\/?page_id=424"},"modified":"2022-05-06T16:19:39","modified_gmt":"2022-05-06T16:19:39","slug":"politicas-de-privacidade","status":"publish","type":"page","link":"https:\/\/davidneto.com\/de\/politicas-de-privacidade\/","title":{"rendered":"Datenschutzrichtlinien"},"content":{"rendered":"<p style=\"text-align: left;\"><strong>UMFANG UNSERER DATENSCHUTZRICHTLINIE<\/strong><\/p>\n<p style=\"text-align: left;\">Diese Datenschutzrichtlinie gilt sowohl f\u00fcr diese Website als auch f\u00fcr andere Websites, die diese Richtlinie erw\u00e4hnen. Die Gruppe David Neto respektiert die Privatsph\u00e4re des Benutzers und verarbeitet Ihre pers\u00f6nlichen Daten gem\u00e4\u00df den geltenden Gesetzen.<\/p>\n<p style=\"text-align: left;\">Die Daten werden zu keinem anderen als dem hier angegebenen Zweck verarbeitet. Die David Neto Gruppe beh\u00e4lt sich das Recht vor, ihre Datenschutzpolitik jederzeit zu aktualisieren oder zu \u00e4ndern, insbesondere, um sie an Gesetzes\u00e4nderungen anzupassen.<\/p>\n<p style=\"text-align: left;\"><strong>WAS MACHEN WIR MIT DEN GESAMMELTEN DATEN?<\/strong><\/p>\n<p style=\"text-align: left;\">Die in den Formularen der Website gesammelten Daten dienen ausschlie\u00dflich der Bearbeitung von Benutzeranfragen und werden f\u00fcr keine andere Verarbeitung verwendet.<\/p>\n<p style=\"text-align: left;\"><strong>VERWENDET DIE DAVID NETO GROUP DIE GESAMMELTEN PERS\u00d6NLICHEN DATEN F\u00dcR<\/strong> <strong>MARKETINGZWECKE?<\/strong><\/p>\n<p style=\"text-align: left;\">Die David Neto Group wird Ihre pers\u00f6nlichen Daten nicht dazu verwenden, Ihnen unaufgefordert E-Mails zu senden, deren Inhalt nicht Ihre ausdr\u00fcckliche Zustimmung erhalten hat.<\/p>\n<p style=\"text-align: left;\">Die David Neto Gruppe verkauft oder handelt nicht mit Ihren Daten an Dritte.<\/p>\n<p style=\"text-align: left;\"><strong>WER HAT ZUGANG ZU IHREN PERS\u00d6NLICHEN DATEN?<\/strong><\/p>\n<p style=\"text-align: left;\">Die David Neto Gruppe gibt keine pers\u00f6nlichen Daten ihrer Kunden und Benutzer ohne deren Zustimmung an Dritte weiter, au\u00dfer wenn dies gesetzlich vorgeschrieben ist.<\/p>\n<p style=\"text-align: left;\"><strong>WO WERDEN BENUTZERDATEN GESPEICHERT?<\/strong><\/p>\n<p style=\"text-align: left;\">Die Gruppe David Neto bewahrt keine Daten ihrer Benutzer auf, die durch die Formulare auf der Website eingegeben werden.<\/p>\n<p style=\"text-align: left;\"><strong>STATISTISCHE DATENANALYSE UND \u00dcBERWACHUNG<\/strong><\/p>\n<p style=\"text-align: left;\">Diese Website verwendet ein Datenanalyse- und \u00dcberwachungsinstrument f\u00fcr rein statistische Zwecke, das allgemein als &#8222;Web Analytics&#8220;-Anwendung bezeichnet wird und eigene Cookies verwendet, um Elemente im Zusammenhang mit der Interaktion und der allgemeinen Aktivit\u00e4t der Benutzer mit der Website der David Neto Group zu sammeln.<\/p>\n<p style=\"text-align: left;\">Dieser Erfassungsprozess erfolgt gem\u00e4\u00df den in dieser Typologie von Werkzeugen standardisierten Verfahren und Sicherheitspraktiken, die die korrekte Verschl\u00fcsselung der Daten zwischen den verschiedenen Zugangskan\u00e4len zur Website und zum jeweiligen Server gew\u00e4hrleisten.<\/p>\n<p style=\"text-align: left;\">Die auf diese Weise erhaltenen Informationen erlauben es nicht, eine Beziehung auf der Ebene der IP-Adresse der Benutzer zum Zwecke der \u00dcberpr\u00fcfung der pers\u00f6nlichen Daten herzustellen.<\/p>\n<p style=\"text-align: left;\"><strong>VERWENDET DIE DAVID NETO GROUP COOKIES AUF IHRER WEBSITE?<\/strong><\/p>\n<p style=\"text-align: left;\">Die Website der David Neto Group verwendet in bestimmten Bereichen Cookies. Cookies sind Dateien, die Informationen auf der Festplatte oder im Browser des Benutzers speichern und es den Websites erm\u00f6glichen, diese wiederzuerkennen und zu wissen, dass sie diese schon einmal besucht haben.<\/p>\n<p style=\"text-align: left;\">Sie k\u00f6nnen Ihren Browser so konfigurieren, dass er Cookies ablehnt, aber in diesem Fall kann es sein, dass die Website oder Teile davon nicht richtig funktionieren.<\/p>\n<p style=\"text-align: left;\">Cookies werden verwendet, um die Nutzung der Website zu \u00fcberwachen und zu analysieren, damit die David Neto Group die beste Benutzererfahrung bieten kann.<\/p>\n<p style=\"text-align: left;\"><strong>BEWERBUNG <\/strong><\/p>\n<p style=\"text-align: left;\">Zur Kl\u00e4rung jeglicher Fragen im Zusammenhang mit diesen Datenschutzrichtlinien sollte der Benutzer sich an info@davidneto.com wenden.<\/p>\n","protected":false},"excerpt":{"rendered":"<p>UMFANG UNSERER DATENSCHUTZRICHTLINIE Diese Datenschutzrichtlinie gilt sowohl f\u00fcr diese Website als auch f\u00fcr andere Websites, die diese Richtlinie erw\u00e4hnen. Die Gruppe David Neto respektiert die Privatsph\u00e4re des Benutzers und verarbeitet Ihre pers\u00f6nlichen Daten gem\u00e4\u00df den geltenden Gesetzen. Die Daten werden zu keinem anderen als dem hier angegebenen Zweck verarbeitet. Die David Neto Gruppe beh\u00e4lt sich [&hellip;]<\/p>\n","protected":false},"author":1,"featured_media":0,"parent":0,"menu_order":0,"comment_status":"closed","ping_status":"closed","template":"model-10.php","meta":[],"_links":{"self":[{"href":"https:\/\/davidneto.com\/de\/wp-json\/wp\/v2\/pages\/424"}],"collection":[{"href":"https:\/\/davidneto.com\/de\/wp-json\/wp\/v2\/pages"}],"about":[{"href":"https:\/\/davidneto.com\/de\/wp-json\/wp\/v2\/types\/page"}],"author":[{"embeddable":true,"href":"https:\/\/davidneto.com\/de\/wp-json\/wp\/v2\/users\/1"}],"replies":[{"embeddable":true,"href":"https:\/\/davidneto.com\/de\/wp-json\/wp\/v2\/comments?post=424"}],"version-history":[{"count":43,"href":"https:\/\/davidneto.com\/de\/wp-json\/wp\/v2\/pages\/424\/revisions"}],"predecessor-version":[{"id":1676,"href":"https:\/\/davidneto.com\/de\/wp-json\/wp\/v2\/pages\/424\/revisions\/1676"}],"wp:attachment":[{"href":"https:\/\/davidneto.com\/de\/wp-json\/wp\/v2\/media?parent=424"}],"curies":[{"name":"wp","href":"https:\/\/api.w.org\/{rel}","templated":true}]}}