{"id":429,"date":"2019-01-03T16:01:07","date_gmt":"2019-01-03T16:01:07","guid":{"rendered":"http:\/\/davidneto.com\/?page_id=429"},"modified":"2020-08-28T09:04:23","modified_gmt":"2020-08-28T09:04:23","slug":"termos-de-utilizacao","status":"publish","type":"page","link":"https:\/\/davidneto.com\/de\/termos-de-utilizacao\/","title":{"rendered":"Nutzungsbedingungen"},"content":{"rendered":"<p style=\"text-align: left;\"><strong>ALLGEMEINER BEREICH<\/strong><\/p>\n<p style=\"text-align: left;\">Die David Neto Group kann die Nutzungsbedingungen Ihrer Website hinzuf\u00fcgen, \u00e4ndern oder l\u00f6schen, indem sie den Inhalt dieser Seite aktualisiert.<\/p>\n<p style=\"text-align: left;\"><strong>ANNAHME DER NUTZUNGSBEDINGUNGEN<\/strong><\/p>\n<p style=\"text-align: left;\">Mit dem Zugriff auf diese Website erkl\u00e4rt der Benutzer, die unten beschriebenen Nutzungsbedingungen gelesen, verstanden und akzeptiert zu haben, ohne dass eine weitere Zustimmung erforderlich ist.<\/p>\n<p style=\"text-align: left;\"><strong>URHEBERRECHT<\/strong><\/p>\n<p style=\"text-align: left;\">Die Texte, Bilder, Grafiken, Downloads, Sounds, Videos, Animationen und alle anderen auf der Website dargestellten Informationen d\u00fcrfen ohne vorherige schriftliche Genehmigung der David Neto Group nicht kopiert, verbreitet, ver\u00e4ndert oder auf anderen Websites platziert werden.<\/p>\n<p style=\"text-align: left;\"><strong>LINKS ZU SEITEN DRITTER<\/strong><\/p>\n<p style=\"text-align: left;\">Die David Neto Group kann auf Ihrer Website Links zu Seiten von Dritten zur Verf\u00fcgung stellen. In Anbetracht der Tatsache, dass diese Websites nicht der David Neto Group geh\u00f6ren oder von ihr betrieben oder kontrolliert werden, ist sie nicht f\u00fcr ihren Inhalt verantwortlich.<\/p>\n<p style=\"text-align: left;\"><strong>AUSSCHLUSS VON VERANTWORTLICHKEITEN<\/strong><\/p>\n<p style=\"text-align: left;\">Die Informationen auf dieser Website werden von der David Neto Group im Rahmen des geltenden Rechts ohne jegliche ausdr\u00fcckliche oder stillschweigende Gew\u00e4hrleistung zur Verf\u00fcgung gestellt, auch wenn die Informationen als korrekt erachtet werden, k\u00f6nnen sie Fehler oder Ungenauigkeiten enthalten und k\u00f6nnen sich ohne vorherige Ank\u00fcndigung \u00e4ndern.<\/p>\n<p style=\"text-align: left;\">Die David Neto Group ist nicht verantwortlich f\u00fcr Sch\u00e4den, die durch die Nutzung oder die Unm\u00f6glichkeit der Nutzung dieser Website entstehen.<\/p>\n<p style=\"text-align: left;\"><strong>ANWENDBARES RECHT<\/strong><\/p>\n<p style=\"text-align: left;\">Diese Nutzungsbedingungen unterliegen dem portugiesischen Recht und werden gem\u00e4\u00df diesem ausgelegt. Jeder Konflikt oder jede abweichende Auslegung desselben ist dem zust\u00e4ndigen portugiesischen Gericht vorzulegen.<\/p>\n<p style=\"text-align: left;\"><strong>BEWERBUNG<\/strong><\/p>\n<p style=\"text-align: left;\">Zur Kl\u00e4rung von Fragen im Zusammenhang mit diesen Nutzungsbedingungen sollte sich der Benutzer an transports@davidneto.com wenden.<\/p>\n","protected":false},"excerpt":{"rendered":"<p>ALLGEMEINER BEREICH Die David Neto Group kann die Nutzungsbedingungen Ihrer Website hinzuf\u00fcgen, \u00e4ndern oder l\u00f6schen, indem sie den Inhalt dieser Seite aktualisiert. ANNAHME DER NUTZUNGSBEDINGUNGEN Mit dem Zugriff auf diese Website erkl\u00e4rt der Benutzer, die unten beschriebenen Nutzungsbedingungen gelesen, verstanden und akzeptiert zu haben, ohne dass eine weitere Zustimmung erforderlich ist. URHEBERRECHT Die Texte, Bilder, [&hellip;]<\/p>\n","protected":false},"author":1,"featured_media":0,"parent":0,"menu_order":0,"comment_status":"closed","ping_status":"closed","template":"model-10.php","meta":[],"_links":{"self":[{"href":"https:\/\/davidneto.com\/de\/wp-json\/wp\/v2\/pages\/429"}],"collection":[{"href":"https:\/\/davidneto.com\/de\/wp-json\/wp\/v2\/pages"}],"about":[{"href":"https:\/\/davidneto.com\/de\/wp-json\/wp\/v2\/types\/page"}],"author":[{"embeddable":true,"href":"https:\/\/davidneto.com\/de\/wp-json\/wp\/v2\/users\/1"}],"replies":[{"embeddable":true,"href":"https:\/\/davidneto.com\/de\/wp-json\/wp\/v2\/comments?post=429"}],"version-history":[{"count":14,"href":"https:\/\/davidneto.com\/de\/wp-json\/wp\/v2\/pages\/429\/revisions"}],"predecessor-version":[{"id":1145,"href":"https:\/\/davidneto.com\/de\/wp-json\/wp\/v2\/pages\/429\/revisions\/1145"}],"wp:attachment":[{"href":"https:\/\/davidneto.com\/de\/wp-json\/wp\/v2\/media?parent=429"}],"curies":[{"name":"wp","href":"https:\/\/api.w.org\/{rel}","templated":true}]}}