{"id":5,"date":"2018-04-10T14:52:54","date_gmt":"2018-04-10T14:52:54","guid":{"rendered":"http:\/\/davidneto.com\/?page_id=5"},"modified":"2022-06-22T17:25:30","modified_gmt":"2022-06-22T17:25:30","slug":"grupo","status":"publish","type":"page","link":"https:\/\/davidneto.com\/de\/","title":{"rendered":"Gruppe David Neto"},"content":{"rendered":"<div class=\"page\" title=\"Page 12\">\n<div class=\"layoutArea\">\n<div class=\"column\">\n<p>Heutzutage ver\u00e4ndert sich die Gesch\u00e4ftswelt sehr schnell, worauf wir mit einem differenzierenden Element dieser Herausforderungen und Anforderungen des Logistiks \u00fcberwinden k\u00f6nnen. Seit unserer Gr\u00fcndung im Jahr 1954 bieten wir die am besten geeigneten Transportl\u00f6sungen.<\/p>\n<p>Die Gruppe David Neto behauptet sich als ein multidisziplin\u00e4rer Partner, der bereit ist, auf die t\u00e4glichen Bed\u00fcrfnisse unserer Kunden aus den verschiedensten Branchen, in denen sie t\u00e4tig\u00a0sind, einzugehen.<\/p>\n<\/div>\n<\/div>\n<\/div>\n","protected":false},"excerpt":{"rendered":"<p>Heutzutage ver\u00e4ndert sich die Gesch\u00e4ftswelt sehr schnell, worauf wir mit einem differenzierenden Element dieser Herausforderungen und Anforderungen des Logistiks \u00fcberwinden k\u00f6nnen. Seit unserer Gr\u00fcndung im Jahr 1954 bieten wir die am besten geeigneten Transportl\u00f6sungen. Die Gruppe David Neto behauptet sich als ein multidisziplin\u00e4rer Partner, der bereit ist, auf die t\u00e4glichen Bed\u00fcrfnisse unserer Kunden aus den [&hellip;]<\/p>\n","protected":false},"author":1,"featured_media":0,"parent":0,"menu_order":0,"comment_status":"closed","ping_status":"closed","template":"model-4.php","meta":[],"_links":{"self":[{"href":"https:\/\/davidneto.com\/de\/wp-json\/wp\/v2\/pages\/5"}],"collection":[{"href":"https:\/\/davidneto.com\/de\/wp-json\/wp\/v2\/pages"}],"about":[{"href":"https:\/\/davidneto.com\/de\/wp-json\/wp\/v2\/types\/page"}],"author":[{"embeddable":true,"href":"https:\/\/davidneto.com\/de\/wp-json\/wp\/v2\/users\/1"}],"replies":[{"embeddable":true,"href":"https:\/\/davidneto.com\/de\/wp-json\/wp\/v2\/comments?post=5"}],"version-history":[{"count":185,"href":"https:\/\/davidneto.com\/de\/wp-json\/wp\/v2\/pages\/5\/revisions"}],"predecessor-version":[{"id":1688,"href":"https:\/\/davidneto.com\/de\/wp-json\/wp\/v2\/pages\/5\/revisions\/1688"}],"wp:attachment":[{"href":"https:\/\/davidneto.com\/de\/wp-json\/wp\/v2\/media?parent=5"}],"curies":[{"name":"wp","href":"https:\/\/api.w.org\/{rel}","templated":true}]}}