{"id":643,"date":"2019-02-22T11:43:56","date_gmt":"2019-02-22T11:43:56","guid":{"rendered":"http:\/\/davidneto.com\/?page_id=643"},"modified":"2022-02-03T12:07:17","modified_gmt":"2022-02-03T12:07:17","slug":"pedido-de-cotacao","status":"publish","type":"page","link":"https:\/\/davidneto.com\/de\/grupo\/pedido-de-cotacao\/","title":{"rendered":"Angebotsanfrage"},"content":{"rendered":"<p style=\"text-align: center;\">Fordern Sie uns f\u00fcr Transport, Logistik oder Tourismus ein Angebot an und informieren Sie sich \u00fcber die Vorschl\u00e4ge, die wir f\u00fcr Ihre Bed\u00fcrfnisse haben. Wir werden Ihre Anfrage innerhalb von maximal 24\/48 Stunden beantworten.<\/p>\n","protected":false},"excerpt":{"rendered":"<p>Fordern Sie uns f\u00fcr Transport, Logistik oder Tourismus ein Angebot an und informieren Sie sich \u00fcber die Vorschl\u00e4ge, die wir f\u00fcr Ihre Bed\u00fcrfnisse haben. Wir werden Ihre Anfrage innerhalb von maximal 24\/48 Stunden beantworten.<\/p>\n","protected":false},"author":1,"featured_media":0,"parent":5,"menu_order":5,"comment_status":"closed","ping_status":"closed","template":"model-11.php","meta":[],"_links":{"self":[{"href":"https:\/\/davidneto.com\/de\/wp-json\/wp\/v2\/pages\/643"}],"collection":[{"href":"https:\/\/davidneto.com\/de\/wp-json\/wp\/v2\/pages"}],"about":[{"href":"https:\/\/davidneto.com\/de\/wp-json\/wp\/v2\/types\/page"}],"author":[{"embeddable":true,"href":"https:\/\/davidneto.com\/de\/wp-json\/wp\/v2\/users\/1"}],"replies":[{"embeddable":true,"href":"https:\/\/davidneto.com\/de\/wp-json\/wp\/v2\/comments?post=643"}],"version-history":[{"count":39,"href":"https:\/\/davidneto.com\/de\/wp-json\/wp\/v2\/pages\/643\/revisions"}],"predecessor-version":[{"id":1669,"href":"https:\/\/davidneto.com\/de\/wp-json\/wp\/v2\/pages\/643\/revisions\/1669"}],"up":[{"embeddable":true,"href":"https:\/\/davidneto.com\/de\/wp-json\/wp\/v2\/pages\/5"}],"wp:attachment":[{"href":"https:\/\/davidneto.com\/de\/wp-json\/wp\/v2\/media?parent=643"}],"curies":[{"name":"wp","href":"https:\/\/api.w.org\/{rel}","templated":true}]}}