{"id":8,"date":"2018-04-10T14:53:27","date_gmt":"2018-04-10T14:53:27","guid":{"rendered":"http:\/\/davidneto.com\/?page_id=8"},"modified":"2021-06-17T16:23:46","modified_gmt":"2021-06-17T16:23:46","slug":"historia","status":"publish","type":"page","link":"https:\/\/davidneto.com\/de\/grupo\/historia\/","title":{"rendered":"Geschichte"},"content":{"rendered":"<div class=\"page\" title=\"Page 16\">\n<div class=\"section\">\n<div class=\"layoutArea\">\n<div class=\"column\">\n<p>Die David Neto Group wurde aus den Bestrebungen und dem Willen von David Soares geboren, der es aus einer Flotte von nur vier Lkw baute und zu einer nationalen und internationalen Referenzgruppe machte.<\/p>\n<p>Seit der Gr\u00fcndung der Gruppe im Jahr 1967 hat die Kompetenz und Qualit\u00e4t der Arbeit zu einem nachhaltigen Wachstum gef\u00fchrt und die Geburtsstunde von vier neuen Unternehmen, die Bed\u00fcrfnisse in Bezug auf Logistik \/ Lagerhaltung, internationalen Transport und schnelle Lieferung von dringende Lasten.<\/p>\n<p>Die Unternehmen der David Neto Group wurden f\u00fcr den Einsatz in den verschiedensten Bereichen der modernen Logistik entwickelt und sind zu Referenzen der Branche geworden, weil sie die Strenge und die F\u00e4higkeit besitzen, auf die Anforderungen unserer Zeit zu reagieren. Heute haben Sie die Erfahrung, Sicherheit und das Vertrauen, der beste europ\u00e4ische Logistikpartner Ihres Unternehmens zu werden!<\/p>\n<\/div>\n<\/div>\n<\/div>\n<\/div>\n","protected":false},"excerpt":{"rendered":"<p>Die David Neto Group wurde aus den Bestrebungen und dem Willen von David Soares geboren, der es aus einer Flotte von nur vier Lkw baute und zu einer nationalen und internationalen Referenzgruppe machte. Seit der Gr\u00fcndung der Gruppe im Jahr 1967 hat die Kompetenz und Qualit\u00e4t der Arbeit zu einem nachhaltigen Wachstum gef\u00fchrt und die [&hellip;]<\/p>\n","protected":false},"author":1,"featured_media":0,"parent":5,"menu_order":0,"comment_status":"closed","ping_status":"closed","template":"model-1.php","meta":[],"_links":{"self":[{"href":"https:\/\/davidneto.com\/de\/wp-json\/wp\/v2\/pages\/8"}],"collection":[{"href":"https:\/\/davidneto.com\/de\/wp-json\/wp\/v2\/pages"}],"about":[{"href":"https:\/\/davidneto.com\/de\/wp-json\/wp\/v2\/types\/page"}],"author":[{"embeddable":true,"href":"https:\/\/davidneto.com\/de\/wp-json\/wp\/v2\/users\/1"}],"replies":[{"embeddable":true,"href":"https:\/\/davidneto.com\/de\/wp-json\/wp\/v2\/comments?post=8"}],"version-history":[{"count":39,"href":"https:\/\/davidneto.com\/de\/wp-json\/wp\/v2\/pages\/8\/revisions"}],"predecessor-version":[{"id":1604,"href":"https:\/\/davidneto.com\/de\/wp-json\/wp\/v2\/pages\/8\/revisions\/1604"}],"up":[{"embeddable":true,"href":"https:\/\/davidneto.com\/de\/wp-json\/wp\/v2\/pages\/5"}],"wp:attachment":[{"href":"https:\/\/davidneto.com\/de\/wp-json\/wp\/v2\/media?parent=8"}],"curies":[{"name":"wp","href":"https:\/\/api.w.org\/{rel}","templated":true}]}}