{"id":10,"date":"2018-04-10T14:53:42","date_gmt":"2018-04-10T14:53:42","guid":{"rendered":"http:\/\/davidneto.com\/?page_id=10"},"modified":"2020-11-16T18:39:16","modified_gmt":"2020-11-16T18:39:16","slug":"candidaturas","status":"publish","type":"page","link":"https:\/\/davidneto.com\/fr\/grupo\/candidaturas\/","title":{"rendered":"Emploi"},"content":{"rendered":"<div class=\"page\" title=\"Page 18\">\n<div class=\"layoutArea\">\n<div class=\"column\">\n<p>Voulez-vous rejoindre un groupe solide? Travailler dans un environnement dynamique, o\u00f9 vous pouvez enrichir et \u00e9voluer dans votre carri\u00e8re professionnelle? Nous sommes toujours \u00e0 la recherche de nouveaux talents pour notre \u00e9quipe! Remplissez le formulaire ci-dessous, nous vous contacterons d\u00e8s que votre profil correspond au poste vacant de l&rsquo;une de nos entreprises.<\/p>\n<\/div>\n<\/div>\n<\/div>\n","protected":false},"excerpt":{"rendered":"<p>Voulez-vous rejoindre un groupe solide? Travailler dans un environnement dynamique, o\u00f9 vous pouvez enrichir et \u00e9voluer dans votre carri\u00e8re professionnelle? Nous sommes toujours \u00e0 la recherche de nouveaux talents pour notre \u00e9quipe! Remplissez le formulaire ci-dessous, nous vous contacterons d\u00e8s que votre profil correspond au poste vacant de l&rsquo;une de nos entreprises.<\/p>\n","protected":false},"author":1,"featured_media":0,"parent":5,"menu_order":1,"comment_status":"closed","ping_status":"closed","template":"model-3.php","meta":[],"_links":{"self":[{"href":"https:\/\/davidneto.com\/fr\/wp-json\/wp\/v2\/pages\/10"}],"collection":[{"href":"https:\/\/davidneto.com\/fr\/wp-json\/wp\/v2\/pages"}],"about":[{"href":"https:\/\/davidneto.com\/fr\/wp-json\/wp\/v2\/types\/page"}],"author":[{"embeddable":true,"href":"https:\/\/davidneto.com\/fr\/wp-json\/wp\/v2\/users\/1"}],"replies":[{"embeddable":true,"href":"https:\/\/davidneto.com\/fr\/wp-json\/wp\/v2\/comments?post=10"}],"version-history":[{"count":48,"href":"https:\/\/davidneto.com\/fr\/wp-json\/wp\/v2\/pages\/10\/revisions"}],"predecessor-version":[{"id":1488,"href":"https:\/\/davidneto.com\/fr\/wp-json\/wp\/v2\/pages\/10\/revisions\/1488"}],"up":[{"embeddable":true,"href":"https:\/\/davidneto.com\/fr\/wp-json\/wp\/v2\/pages\/5"}],"wp:attachment":[{"href":"https:\/\/davidneto.com\/fr\/wp-json\/wp\/v2\/media?parent=10"}],"curies":[{"name":"wp","href":"https:\/\/api.w.org\/{rel}","templated":true}]}}