{"id":1031,"date":"2020-07-27T13:52:13","date_gmt":"2020-07-27T13:52:13","guid":{"rendered":"http:\/\/davidneto.com\/?page_id=1031"},"modified":"2025-04-22T22:12:10","modified_gmt":"2025-04-22T22:12:10","slug":"pol","status":"publish","type":"page","link":"https:\/\/davidneto.com\/fr\/pol\/","title":{"rendered":"Politiques de Qualit\u00e9"},"content":{"rendered":"<p class=\"\" style=\"text-align: left;\" data-start=\"105\" data-end=\"162\">Le Groupe David Neto, compos\u00e9 des entreprises suivantes :<\/p>\n<p class=\"\" style=\"text-align: left;\" data-start=\"164\" data-end=\"252\"><strong data-start=\"164\" data-end=\"196\">DAVID NETO \u2013 Transports, SA,<\/strong><br data-start=\"196\" data-end=\"199\" \/><em data-start=\"199\" data-end=\"252\">Transport National et International de Marchandises<\/em><\/p>\n<p class=\"\" style=\"text-align: left;\" data-start=\"254\" data-end=\"289\"><strong data-start=\"254\" data-end=\"273\">DN &#8211; Cargo, Lda<\/strong><br data-start=\"273\" data-end=\"276\" \/><em data-start=\"276\" data-end=\"289\">Transitaire<\/em><\/p>\n<p class=\"\" style=\"text-align: left;\" data-start=\"291\" data-end=\"370\"><strong data-start=\"291\" data-end=\"329\">DDN \u2013 Distribui\u00e7\u00e3o David Neto, SA,<\/strong><br data-start=\"329\" data-end=\"332\" \/><em data-start=\"332\" data-end=\"370\">Logistique, Stockage et Distribution<\/em><\/p>\n<p class=\"\" style=\"text-align: left;\" data-start=\"372\" data-end=\"711\">vise \u00e0 \u00eatre un groupe d&rsquo;entreprises de r\u00e9f\u00e9rence dans les domaines du Transport National et International de Marchandises, de la Logistique, du Stockage et de la Distribution. Ainsi, sa Direction s&rsquo;engage dans l&rsquo;am\u00e9lioration continue de son Syst\u00e8me de Qualit\u00e9 comme moyen de r\u00e9pondre aux besoins des clients et d&rsquo;assurer leur satisfaction.<\/p>\n<p class=\"\" style=\"text-align: left;\" data-start=\"713\" data-end=\"799\">Pour tenir notre engagement, nous fondons notre strat\u00e9gie sur les principes suivants :<\/p>\n<p class=\"\" style=\"text-align: left;\" data-start=\"801\" data-end=\"902\"><strong data-start=\"801\" data-end=\"812\">Respect<\/strong> des exigences des parties prenantes ainsi que des obligations l\u00e9gales et r\u00e9glementaires ;<\/p>\n<p class=\"\" style=\"text-align: left;\" data-start=\"904\" data-end=\"971\"><strong data-start=\"904\" data-end=\"918\">Comp\u00e9tence<\/strong> des collaborateurs \u2013 gr\u00e2ce \u00e0 la formation continue ;<\/p>\n<p class=\"\" style=\"text-align: left;\" data-start=\"973\" data-end=\"1058\"><strong data-start=\"973\" data-end=\"989\">Am\u00e9lioration<\/strong> des processus \u2013 par le contr\u00f4le et l\u2019\u00e9valuation de leur efficacit\u00e9 ;<\/p>\n<p class=\"\" style=\"text-align: left;\" data-start=\"1060\" data-end=\"1208\"><strong data-start=\"1060\" data-end=\"1092\">Bonnes conditions de travail<\/strong> \u2013 en garantissant des installations et \u00e9quipements adapt\u00e9s et en favorisant de bonnes relations interpersonnelles ;<\/p>\n<p class=\"\" style=\"text-align: left;\" data-start=\"1210\" data-end=\"1313\"><strong data-start=\"1210\" data-end=\"1245\">Pr\u00e9servation de l\u2019environnement<\/strong> \u2013 par l\u2019acquisition de v\u00e9hicules \u00e9cologiques et le tri des d\u00e9chets.<\/p>\n<p class=\"\" style=\"text-align: left;\" data-start=\"1315\" data-end=\"1398\">Un engagement in\u00e9branlable, bas\u00e9 sur une vision de croissance durable, depuis 1954.<\/p>\n","protected":false},"excerpt":{"rendered":"<p>Le Groupe David Neto, compos\u00e9 des entreprises suivantes : DAVID NETO \u2013 Transports, SA,Transport National et International de Marchandises DN &#8211; Cargo, LdaTransitaire DDN \u2013 Distribui\u00e7\u00e3o David Neto, SA,Logistique, Stockage et Distribution vise \u00e0 \u00eatre un groupe d&rsquo;entreprises de r\u00e9f\u00e9rence dans les domaines du Transport National et International de Marchandises, de la Logistique, du Stockage [&hellip;]<\/p>\n","protected":false},"author":1,"featured_media":0,"parent":0,"menu_order":0,"comment_status":"closed","ping_status":"closed","template":"model-10.php","meta":[],"_links":{"self":[{"href":"https:\/\/davidneto.com\/fr\/wp-json\/wp\/v2\/pages\/1031"}],"collection":[{"href":"https:\/\/davidneto.com\/fr\/wp-json\/wp\/v2\/pages"}],"about":[{"href":"https:\/\/davidneto.com\/fr\/wp-json\/wp\/v2\/types\/page"}],"author":[{"embeddable":true,"href":"https:\/\/davidneto.com\/fr\/wp-json\/wp\/v2\/users\/1"}],"replies":[{"embeddable":true,"href":"https:\/\/davidneto.com\/fr\/wp-json\/wp\/v2\/comments?post=1031"}],"version-history":[{"count":26,"href":"https:\/\/davidneto.com\/fr\/wp-json\/wp\/v2\/pages\/1031\/revisions"}],"predecessor-version":[{"id":1748,"href":"https:\/\/davidneto.com\/fr\/wp-json\/wp\/v2\/pages\/1031\/revisions\/1748"}],"wp:attachment":[{"href":"https:\/\/davidneto.com\/fr\/wp-json\/wp\/v2\/media?parent=1031"}],"curies":[{"name":"wp","href":"https:\/\/api.w.org\/{rel}","templated":true}]}}