{"id":1692,"date":"2023-02-24T09:40:54","date_gmt":"2023-02-24T09:40:54","guid":{"rendered":"https:\/\/davidneto.com\/?page_id=1692"},"modified":"2023-10-18T14:49:12","modified_gmt":"2023-10-18T14:49:12","slug":"portal-de-denuncias","status":"publish","type":"page","link":"https:\/\/davidneto.com\/fr\/portal-de-denuncias\/","title":{"rendered":"Canal de Den\u00fancias"},"content":{"rendered":"<p>A\u00a0<a href=\"https:\/\/dre.pt\/dre\/detalhe\/lei\/93-2021-176147929\"><strong>Lei 93\/2021<\/strong> de 20 de dezembro<\/a>, estabelece o regime geral de prote\u00e7\u00e3o de denunciantes de infra\u00e7\u00f5es, transpondo a Diretiva (UE) 2019\/1937 do Parlamento Europeu e do Conselho, de 23 de outubro de 2019, relativa \u00e0 prote\u00e7\u00e3o das pessoas que denunciam viola\u00e7\u00f5es do direito da Uni\u00e3o.<\/p>\n<p>Ao abrigo do\u00a0<strong>Regime Geral de Preven\u00e7\u00e3o da Corrup\u00e7\u00e3o<\/strong>\u00a0(RGPC), a David Neto Group disponibiliza o canal de den\u00fancia interna e externa aos denunciantes, assegurando todas as condi\u00e7\u00f5es de seguran\u00e7a, sigilo, confidencialidade da identidade ou o anonimato, assim como, a confidencialidade da identidade de terceiros mencionados na den\u00fancia e impedimento de acesso a pessoas n\u00e3o autorizadas.<\/p>\n<p>&nbsp;<\/p>\n<p>Beneficia de prote\u00e7\u00e3o de denunciante, a pessoa singular que denuncie ou divulgue publicamente uma infra\u00e7\u00e3o com fundamento em informa\u00e7\u00f5es obtidas no \u00e2mbito da sua atividade profissional desenvolvida na e\/ou para a David Neto Group, podendo ser considerados denunciantes:<\/p>\n<ul>\n<li style=\"text-align: left;\">Os trabalhadores com v\u00ednculo de emprego \u00e0 David Neto Group;<\/li>\n<li style=\"text-align: left;\">Os prestadores de servi\u00e7os, contratantes, subcontratantes e fornecedores, bem como, quaisquer pessoas que atuem sob a sua supervis\u00e3o e dire\u00e7\u00e3o;<\/li>\n<li style=\"text-align: left;\">Os titulares de participa\u00e7\u00f5es sociais e \u00f3rg\u00e3os de administra\u00e7\u00e3o, \u00f3rg\u00e3os de gest\u00e3o, \u00f3rg\u00e3os fiscais ou de supervis\u00e3o de pessoas coletivas, incluindo membros n\u00e3o executivos;<\/li>\n<li style=\"text-align: left;\">Volunt\u00e1rios e estagi\u00e1rios, remunerados ou n\u00e3o remunerados.<\/li>\n<\/ul>\n<p>&nbsp;<\/p>\n<p>Efetue a sua den\u00fancia:<\/p>\n<p><strong>Via Postal<\/strong><\/p>\n<p>Pode descarregar o formul\u00e1rio e envi\u00e1-lo por correio para a seguinte morada:<br \/>\nRespons\u00e1veis pelo RGPC<br \/>\nRua da Estrada Nova, 1096<br \/>\n3885-456 Esmoriz<\/p>\n<p><a href=\"https:\/\/davidneto.com\/wp-content\/uploads\/2023\/04\/GDN-md133_r00-Formulario-de-Denuncia.pdf\" target=\"_blank\" rel=\"noopener\">Descarregar formul\u00e1rio<\/a><\/p>\n<p><strong><br \/>\nOnline<br \/>\n<\/strong><\/p>\n<p>Preencha o formul\u00e1rio abaixo e submeta a sua den\u00fancia<\/p>\n<ul>\n<li>Identifica\u00e7\u00e3o do denunciante: (opcional)<br \/>\n(Se denunciante identificado, deve preencher o nome completo, email e contacto telef\u00f3nico)<br \/>\n(Se denunciante an\u00f3nimo, basta preencher o email, que pode criar para esse efeito, por forma a ser notificado sobre o estado da sua den\u00fancia)<\/li>\n<li>Tipo de den\u00fancia (selecione uma op\u00e7\u00e3o):\n<ul>\n<li>Interna<\/li>\n<li>Externa<\/li>\n<\/ul>\n<\/li>\n<\/ul>\n<ul>\n<li>Selecione a Atividade a denunciar, com base na listagem apresentada (obrigat\u00f3rio):\n<ul>\n<li>Narre objetivamente os factos de que tem conhecimento, com o maior detalhe poss\u00edvel, incluindo referencia a datas ou per\u00edodos em que os mesmos acorram, locais, modo de atua\u00e7\u00e3o e como tomou conhecimento desses mesmos factos (obrigat\u00f3rio):<\/li>\n<\/ul>\n<\/li>\n<li>Datas ou per\u00edodos em que acorreram os factos (obrigat\u00f3rio):<\/li>\n<li>Identifica\u00e7\u00e3o de suspeitos (obrigat\u00f3rio):<\/li>\n<li>Como tomou conhecimento dos factos? (obrigat\u00f3rio)<\/li>\n<li>Anexar documentos de prova:\n<ul>\n<li><u>Documentos e outras provas que fundamentam a sua den\u00fancia<br \/>\n<\/u>(Se presenciou os factos, ou se os leu em algum documento, identifique todas as fontes, incluindo pessoas envolvidas ou que possam auxiliar na investiga\u00e7\u00e3o, dando informa\u00e7\u00f5es ou prestando testemunho.)<\/li>\n<li><u>Documentos anexos<br \/>\n<\/u>(caso possua documentos de prova ou sabe onde se encontram documentos de prova que pensa serem relevantes indique-os. Caso existam em formato digital, adicione-os nesta \u00e1rea de documentos anexos.<\/li>\n<\/ul>\n<\/li>\n<\/ul>\n","protected":false},"excerpt":{"rendered":"<p>A\u00a0Lei 93\/2021 de 20 de dezembro, estabelece o regime geral de prote\u00e7\u00e3o de denunciantes de infra\u00e7\u00f5es, transpondo a Diretiva (UE) 2019\/1937 do Parlamento Europeu e do Conselho, de 23 de outubro de 2019, relativa \u00e0 prote\u00e7\u00e3o das pessoas que denunciam viola\u00e7\u00f5es do direito da Uni\u00e3o. Ao abrigo do\u00a0Regime Geral de Preven\u00e7\u00e3o da Corrup\u00e7\u00e3o\u00a0(RGPC), a David [&hellip;]<\/p>\n","protected":false},"author":1,"featured_media":0,"parent":0,"menu_order":0,"comment_status":"closed","ping_status":"closed","template":"model-15.php","meta":[],"_links":{"self":[{"href":"https:\/\/davidneto.com\/fr\/wp-json\/wp\/v2\/pages\/1692"}],"collection":[{"href":"https:\/\/davidneto.com\/fr\/wp-json\/wp\/v2\/pages"}],"about":[{"href":"https:\/\/davidneto.com\/fr\/wp-json\/wp\/v2\/types\/page"}],"author":[{"embeddable":true,"href":"https:\/\/davidneto.com\/fr\/wp-json\/wp\/v2\/users\/1"}],"replies":[{"embeddable":true,"href":"https:\/\/davidneto.com\/fr\/wp-json\/wp\/v2\/comments?post=1692"}],"version-history":[{"count":22,"href":"https:\/\/davidneto.com\/fr\/wp-json\/wp\/v2\/pages\/1692\/revisions"}],"predecessor-version":[{"id":1737,"href":"https:\/\/davidneto.com\/fr\/wp-json\/wp\/v2\/pages\/1692\/revisions\/1737"}],"wp:attachment":[{"href":"https:\/\/davidneto.com\/fr\/wp-json\/wp\/v2\/media?parent=1692"}],"curies":[{"name":"wp","href":"https:\/\/api.w.org\/{rel}","templated":true}]}}