{"id":21,"date":"2018-04-10T14:58:36","date_gmt":"2018-04-10T14:58:36","guid":{"rendered":"http:\/\/davidneto.com\/?page_id=21"},"modified":"2021-06-21T14:05:31","modified_gmt":"2021-06-21T14:05:31","slug":"transports","status":"publish","type":"page","link":"https:\/\/davidneto.com\/fr\/transports\/","title":{"rendered":"Transport"},"content":{"rendered":"<div class=\"page\" title=\"Page 20\">\n<div class=\"section\">\n<div class=\"layoutArea\">\n<div class=\"column\">\n<p>Vous pensez, nous livrons. Fort de plus de 60 ans d&rsquo;exp\u00e9rience, David Neto Transportes fonde son activit\u00e9 sur la s\u00e9curit\u00e9, le professionnalisme et la rigueur dans le respect des d\u00e9lais. Avec un service quotidien de transport et de groupage dans tout le pays et vers n&rsquo;importe quel point en Europe, David Neto Transportes dispose d&rsquo;un syst\u00e8me de communication qui permet un contr\u00f4le total de ses v\u00e9hicules et ainsi donner une r\u00e9ponse imm\u00e9diate aux clients, ainsi qu&rsquo;une adaptation totale aux besoins de transport de chaque client en ayant diff\u00e9rents types de v\u00e9hicules pour diff\u00e9rents types de besoins. Avec nous, votre entreprise est men\u00e9e en toute s\u00e9curit\u00e9, rapidement et efficacement jusqu&rsquo;\u00e0 sa destination finale.<\/p>\n<\/div>\n<\/div>\n<\/div>\n<\/div>\n","protected":false},"excerpt":{"rendered":"<p>Vous pensez, nous livrons. Fort de plus de 60 ans d&rsquo;exp\u00e9rience, David Neto Transportes fonde son activit\u00e9 sur la s\u00e9curit\u00e9, le professionnalisme et la rigueur dans le respect des d\u00e9lais. Avec un service quotidien de transport et de groupage dans tout le pays et vers n&rsquo;importe quel point en Europe, David Neto Transportes dispose d&rsquo;un [&hellip;]<\/p>\n","protected":false},"author":1,"featured_media":0,"parent":0,"menu_order":0,"comment_status":"closed","ping_status":"closed","template":"model-8.php","meta":[],"_links":{"self":[{"href":"https:\/\/davidneto.com\/fr\/wp-json\/wp\/v2\/pages\/21"}],"collection":[{"href":"https:\/\/davidneto.com\/fr\/wp-json\/wp\/v2\/pages"}],"about":[{"href":"https:\/\/davidneto.com\/fr\/wp-json\/wp\/v2\/types\/page"}],"author":[{"embeddable":true,"href":"https:\/\/davidneto.com\/fr\/wp-json\/wp\/v2\/users\/1"}],"replies":[{"embeddable":true,"href":"https:\/\/davidneto.com\/fr\/wp-json\/wp\/v2\/comments?post=21"}],"version-history":[{"count":155,"href":"https:\/\/davidneto.com\/fr\/wp-json\/wp\/v2\/pages\/21\/revisions"}],"predecessor-version":[{"id":1628,"href":"https:\/\/davidneto.com\/fr\/wp-json\/wp\/v2\/pages\/21\/revisions\/1628"}],"wp:attachment":[{"href":"https:\/\/davidneto.com\/fr\/wp-json\/wp\/v2\/media?parent=21"}],"curies":[{"name":"wp","href":"https:\/\/api.w.org\/{rel}","templated":true}]}}