{"id":25,"date":"2018-04-10T15:00:11","date_gmt":"2018-04-10T15:00:11","guid":{"rendered":"http:\/\/davidneto.com\/?page_id=25"},"modified":"2021-06-21T13:01:00","modified_gmt":"2021-06-21T13:01:00","slug":"logistics","status":"publish","type":"page","link":"https:\/\/davidneto.com\/fr\/logistics\/","title":{"rendered":"Logistique"},"content":{"rendered":"<p>David Neto Logistics a \u00e9t\u00e9 cr\u00e9\u00e9 en 1991 pour r\u00e9pondre aux besoins d&rsquo;entreposage et de conservation des produits de ses clients, avec des zones de stockage et avec contr\u00f4le informatis\u00e9 des stocks, un syst\u00e8me de pr\u00e9paration des commandes et un cross-docking. L&#8217;emballage, l&rsquo;\u00e9tiquetage et les autres op\u00e9rations logistiques font \u00e9galement partie de notre quotidien, toujours avec la garantie de la plus haute qualit\u00e9 \u00e0 un prix comp\u00e9titif. S&rsquo;appuyant sur une position de plus en plus solide sur le march\u00e9 de la logistique nationale et au-del\u00e0 fronteires, David Neto Logistics a des propres entrep\u00f4ts et dispose de la meilleure technologie pour le contr\u00f4le des articles par unit\u00e9, bo\u00eete, carton ou palette. Actuellement, la soci\u00e9t\u00e9 est responsable de la gestion quotidienne de centaines de produits et de milliers de r\u00e9f\u00e9rences de marques nationales et internationales renomm\u00e9es.<\/p>\n","protected":false},"excerpt":{"rendered":"<p>David Neto Logistics a \u00e9t\u00e9 cr\u00e9\u00e9 en 1991 pour r\u00e9pondre aux besoins d&rsquo;entreposage et de conservation des produits de ses clients, avec des zones de stockage et avec contr\u00f4le informatis\u00e9 des stocks, un syst\u00e8me de pr\u00e9paration des commandes et un cross-docking. L&#8217;emballage, l&rsquo;\u00e9tiquetage et les autres op\u00e9rations logistiques font \u00e9galement partie de notre quotidien, toujours [&hellip;]<\/p>\n","protected":false},"author":1,"featured_media":0,"parent":0,"menu_order":2,"comment_status":"closed","ping_status":"closed","template":"model-2.php","meta":[],"_links":{"self":[{"href":"https:\/\/davidneto.com\/fr\/wp-json\/wp\/v2\/pages\/25"}],"collection":[{"href":"https:\/\/davidneto.com\/fr\/wp-json\/wp\/v2\/pages"}],"about":[{"href":"https:\/\/davidneto.com\/fr\/wp-json\/wp\/v2\/types\/page"}],"author":[{"embeddable":true,"href":"https:\/\/davidneto.com\/fr\/wp-json\/wp\/v2\/users\/1"}],"replies":[{"embeddable":true,"href":"https:\/\/davidneto.com\/fr\/wp-json\/wp\/v2\/comments?post=25"}],"version-history":[{"count":91,"href":"https:\/\/davidneto.com\/fr\/wp-json\/wp\/v2\/pages\/25\/revisions"}],"predecessor-version":[{"id":1625,"href":"https:\/\/davidneto.com\/fr\/wp-json\/wp\/v2\/pages\/25\/revisions\/1625"}],"wp:attachment":[{"href":"https:\/\/davidneto.com\/fr\/wp-json\/wp\/v2\/media?parent=25"}],"curies":[{"name":"wp","href":"https:\/\/api.w.org\/{rel}","templated":true}]}}