{"id":27,"date":"2018-04-10T15:00:29","date_gmt":"2018-04-10T15:00:29","guid":{"rendered":"http:\/\/davidneto.com\/?page_id=27"},"modified":"2021-07-05T16:40:19","modified_gmt":"2021-07-05T16:40:19","slug":"travel","status":"publish","type":"page","link":"https:\/\/davidneto.com\/fr\/travel\/","title":{"rendered":"Voyage"},"content":{"rendered":"<p>Cr\u00e9\u00e9 en 2003 pour r\u00e9pondre aux besoins de voyages des clients du groupe David Neto, David Neto Travel est n\u00e9 avec l\u2019objectif de fournir un service d\u2019excellence aux entreprises dans la gestion de leurs voyages d\u2019affaires, mais aussi aux particuliers. en vacances L&rsquo;agence se distingue par la personnalisation de ses services et la capacit\u00e9 de fournir tout le soutien n\u00e9cessaire \u00e0 tout le type de voyage. S&rsquo;appuyant sur les nouvelles technologies, le r\u00e9seau d&rsquo;agents et les op\u00e9rateurs nationaux et \u00e9trangers, dans la personnalisation et le suivi de ses clients, David Neto Travel affronte l&rsquo;avenir et ses d\u00e9fis avec la m\u00eame confiance et la m\u00eame d\u00e9termination sur lequel il est bas\u00e9. Une agence de voyages dynamique et attentive \u00e0 vos besoins!<\/p>\n","protected":false},"excerpt":{"rendered":"<p>Cr\u00e9\u00e9 en 2003 pour r\u00e9pondre aux besoins de voyages des clients du groupe David Neto, David Neto Travel est n\u00e9 avec l\u2019objectif de fournir un service d\u2019excellence aux entreprises dans la gestion de leurs voyages d\u2019affaires, mais aussi aux particuliers. en vacances L&rsquo;agence se distingue par la personnalisation de ses services et la capacit\u00e9 de [&hellip;]<\/p>\n","protected":false},"author":1,"featured_media":0,"parent":0,"menu_order":4,"comment_status":"closed","ping_status":"closed","template":"model-12.php","meta":[],"_links":{"self":[{"href":"https:\/\/davidneto.com\/fr\/wp-json\/wp\/v2\/pages\/27"}],"collection":[{"href":"https:\/\/davidneto.com\/fr\/wp-json\/wp\/v2\/pages"}],"about":[{"href":"https:\/\/davidneto.com\/fr\/wp-json\/wp\/v2\/types\/page"}],"author":[{"embeddable":true,"href":"https:\/\/davidneto.com\/fr\/wp-json\/wp\/v2\/users\/1"}],"replies":[{"embeddable":true,"href":"https:\/\/davidneto.com\/fr\/wp-json\/wp\/v2\/comments?post=27"}],"version-history":[{"count":87,"href":"https:\/\/davidneto.com\/fr\/wp-json\/wp\/v2\/pages\/27\/revisions"}],"predecessor-version":[{"id":1640,"href":"https:\/\/davidneto.com\/fr\/wp-json\/wp\/v2\/pages\/27\/revisions\/1640"}],"wp:attachment":[{"href":"https:\/\/davidneto.com\/fr\/wp-json\/wp\/v2\/media?parent=27"}],"curies":[{"name":"wp","href":"https:\/\/api.w.org\/{rel}","templated":true}]}}