{"id":41,"date":"2018-04-10T15:05:46","date_gmt":"2018-04-10T15:05:46","guid":{"rendered":"http:\/\/davidneto.com\/?page_id=41"},"modified":"2019-05-08T07:50:37","modified_gmt":"2019-05-08T07:50:37","slug":"expresso-2","status":"publish","type":"page","link":"https:\/\/davidneto.com\/fr\/setores-de-atividade\/expresso-2\/","title":{"rendered":"Expresso"},"content":{"rendered":"<p>Acquis par le groupe David Neto en 2007, il visait \u00e0 r\u00e9pondre efficacement aux demandes de service avec des d\u00e9lais de livraison courts, offrant ainsi un \u00e9ventail d&rsquo;options plus large aux clients du groupe. Elle est pr\u00e9sent\u00e9 comme une entreprise de transport de fret express capable de livrer des livraisons rapides au Portugal et partout en Europe, \u00e0 la fois par ses propres moyens et associ\u00e9s \u00e0 un r\u00e9seau international de partenaires, offrant ainsi des centaines de possibilit\u00e9s de transport tout les jours.<\/p>\n<p>En plus d&rsquo;un service express d\u00e9di\u00e9 &#8211; demandes imm\u00e9diates avec livraison dans les plus brefs d\u00e9lais &#8211; David Neto Expresso fournit \u00e9galement un service de distribution de colis dans lequel chaque transport comprend plusieurs groupes de plusieurs clients.<\/p>\n<p>Toutes les solutions de transport &#8211; des cartons aux palettes compl\u00e8tes &#8211; dans les v\u00e9hicules l\u00e9gers ou les camions, sont surveill\u00e9es en permanence par des syst\u00e8mes GPS, avec une forte sp\u00e9cialisation dans les secteurs automobile et h\u00f4telier.<\/p>\n","protected":false},"excerpt":{"rendered":"<p>Acquis par le groupe David Neto en 2007, il visait \u00e0 r\u00e9pondre efficacement aux demandes de service avec des d\u00e9lais de livraison courts, offrant ainsi un \u00e9ventail d&rsquo;options plus large aux clients du groupe. Elle est pr\u00e9sent\u00e9 comme une entreprise de transport de fret express capable de livrer des livraisons rapides au Portugal et partout [&hellip;]<\/p>\n","protected":false},"author":1,"featured_media":0,"parent":19,"menu_order":3,"comment_status":"closed","ping_status":"closed","template":"model-2.php","meta":[],"_links":{"self":[{"href":"https:\/\/davidneto.com\/fr\/wp-json\/wp\/v2\/pages\/41"}],"collection":[{"href":"https:\/\/davidneto.com\/fr\/wp-json\/wp\/v2\/pages"}],"about":[{"href":"https:\/\/davidneto.com\/fr\/wp-json\/wp\/v2\/types\/page"}],"author":[{"embeddable":true,"href":"https:\/\/davidneto.com\/fr\/wp-json\/wp\/v2\/users\/1"}],"replies":[{"embeddable":true,"href":"https:\/\/davidneto.com\/fr\/wp-json\/wp\/v2\/comments?post=41"}],"version-history":[{"count":24,"href":"https:\/\/davidneto.com\/fr\/wp-json\/wp\/v2\/pages\/41\/revisions"}],"predecessor-version":[{"id":836,"href":"https:\/\/davidneto.com\/fr\/wp-json\/wp\/v2\/pages\/41\/revisions\/836"}],"up":[{"embeddable":true,"href":"https:\/\/davidneto.com\/fr\/wp-json\/wp\/v2\/pages\/19"}],"wp:attachment":[{"href":"https:\/\/davidneto.com\/fr\/wp-json\/wp\/v2\/media?parent=41"}],"curies":[{"name":"wp","href":"https:\/\/api.w.org\/{rel}","templated":true}]}}