{"id":424,"date":"2019-01-03T15:57:59","date_gmt":"2019-01-03T15:57:59","guid":{"rendered":"http:\/\/davidneto.com\/?page_id=424"},"modified":"2022-05-06T16:19:39","modified_gmt":"2022-05-06T16:19:39","slug":"politicas-de-privacidade","status":"publish","type":"page","link":"https:\/\/davidneto.com\/fr\/politicas-de-privacidade\/","title":{"rendered":"Politiques de Confidencialit\u00e9"},"content":{"rendered":"<p style=\"text-align: left;\"><strong>PORT\u00c9E DE NOTRE POLITIQUE DE CONFIDENCIALIT\u00c9<\/strong><\/p>\n<p style=\"text-align: left;\">La pr\u00e9sente politique couvre ce site web, ainsi que d\u2019autres sites qui mentionnent la m\u00eame politique. Groupe David Neto respecte la confidentialit\u00e9 de l\u2019utilisateur et traite ses donn\u00e9es personnelles conform\u00e9ment \u00e0 la l\u00e9gislation en vigueur.<\/p>\n<p style=\"text-align: left;\">Les donn\u00e9es ne seront pas utilis\u00e9es pour tout autre but si ce n\u2019est celui sp\u00e9cifi\u00e9 ici. Groupe David Neto se donne le droit d\u2019actualiser ou modifier sa politique de confidentialit\u00e9 \u00e0 tout moment, notamment, de fa\u00e7on \u00e0 l\u2019adapter aux modifications l\u00e9gislatives.<\/p>\n<p style=\"text-align: left;\"><strong>DANS QUELS BUTS SONT COLLECT\u00c9ES LES DONN\u00c9ES PERSONNELLES DE L\u2019UTILISATEUR ?<\/strong><\/p>\n<p style=\"text-align: left;\">Les donn\u00e9es collect\u00e9es dans les formulaires de ce site web sont destin\u00e9es exclusivement au traitement des demandes des utilisateurs, et ne seront pas utilis\u00e9es pour tout autre traitement.<\/p>\n<p style=\"text-align: left;\"><strong>GROUPE DAVID NETO OUTILS LES DONN\u00c9ES PERSONNELLES COLLECT\u00c9ES POUR FAIRE DU MARKETING ?<\/strong><\/p>\n<p style=\"text-align: left;\">Groupe David Neto n\u2019utilisera pas vos donn\u00e9es personnelles pour vous envoyer toute sorte de courrier non d\u00e9sir\u00e9 dont le contenu n\u2019ait pas re\u00e7u votre consentement de fa\u00e7on explicite.<\/p>\n<p style=\"text-align: left;\">Groupe David Neto ne vend ni n\u00e9gocie les donn\u00e9es de ses utilisateurs \u00e0 de tierces personnes.<\/p>\n<p>&nbsp;<\/p>\n<p style=\"text-align: left;\"><strong>QUI A ACC\u00c8S AUX DONN\u00c9ES PERSONNELLES DE L\u2019USAGER ?<\/strong><\/p>\n<p style=\"text-align: left;\">Groupe David Neto ne divulgue \u00e0 des tiers toute sorte d\u2019informations de ses clients et utilisateurs sans consentement pr\u00e9alable, sauf quand la loi l\u2019exige.<\/p>\n<p style=\"text-align: left;\"><strong>O\u00d9 SONT GARD\u00c9ES LES DONN\u00c9ES PERSONNELLES ?<\/strong><\/p>\n<p style=\"text-align: left;\">Groupe David Neto ne garde aucune donn\u00e9e de ses utilisateurs introduite par les formulaires pr\u00e9sent\u00e9s dans le site web.<\/p>\n<p style=\"text-align: left;\"><strong>ANALYSE ET SURVEILLANCE STATISTIQUE DES DONN\u00c9ES<\/strong><\/p>\n<p style=\"text-align: left;\">Ce site web utilise un outil d\u2019analyse et surveillance de donn\u00e9es exclusivement pour des fins statistiques, g\u00e9n\u00e9ralement d\u00e9sign\u00e9 par application de \u00ab Web Analytics \u00bb, qui fait usage de ses propres cookies dans l\u2019objectif de rassembler des \u00e9l\u00e9ments concernant l\u2019interaction et l\u2019activit\u00e9 g\u00e9n\u00e9rale des usagers face au site web de Groupe David Neto.<\/p>\n<p style=\"text-align: left;\">Ce processus de collecte est effectu\u00e9 conforme les proc\u00e9dures et pratiques de s\u00e9curit\u00e9 standardis\u00e9s dans ce genre d\u2019outils, qui assurent l\u2019ad\u00e9quat cryptage de donn\u00e9es entre les diff\u00e9rentes voies d\u2019acc\u00e8s au site et au serveur correspondant.<\/p>\n<p style=\"text-align: left;\">L\u2019information obtenue par l\u2019interm\u00e9diaire de ce site ne permet pas d\u2019\u00e9tablir toute sorte de lien au niveau de l\u2019adresse IP de ses utilisateurs dans le but de v\u00e9rifier les donn\u00e9es personnelles.<\/p>\n<p style=\"text-align: left;\"><strong>GROUPE DAVID NETO UTILISE DES COOKIES DANS SON SITE WEB ?<\/strong><\/p>\n<p style=\"text-align: left;\">Le site web de Groupe David Neto utilise des cookies dans certains domaines. Les cookies sont des fichiers qui pr\u00e9servent des informations dans le disque dur ou browser de l\u2019utilisateur, permettant que les sites web le reconnaissent et sachent qu\u2019il l\u2019a d\u00e9j\u00e0 visit\u00e9 ant\u00e9rieurement.<\/p>\n<p style=\"text-align: left;\">L\u2019utilisateur peut configurer son browser de fa\u00e7on \u00e0 refuser les cookies, toutefois, dans ce cas-l\u00e0, le site web ou certaines parties de celui-ci peuvent ne pas fonctionner correctement.<\/p>\n<p style=\"text-align: left;\">Les cookies sont utilis\u00e9s pour surveiller et analyser l\u2019utilisation du site, permettant \u00e0 Groupe David Neto d\u2019offrir une meilleure exp\u00e9rience d\u2019utilisation.<\/p>\n<p style=\"text-align: left;\"><strong>CONTACT<\/strong><\/p>\n<p style=\"text-align: left;\">Pour tout \u00e9claircissement concernant les politiques de confidentialit\u00e9, l\u2019usager devra contacter <a href=\"mailto:info@davidneto.com\">info@davidneto.com<\/a><\/p>\n<p>&nbsp;<\/p>\n<p>&nbsp;<\/p>\n<p>&nbsp;<\/p>\n<p>&nbsp;<\/p>\n","protected":false},"excerpt":{"rendered":"<p>PORT\u00c9E DE NOTRE POLITIQUE DE CONFIDENCIALIT\u00c9 La pr\u00e9sente politique couvre ce site web, ainsi que d\u2019autres sites qui mentionnent la m\u00eame politique. Groupe David Neto respecte la confidentialit\u00e9 de l\u2019utilisateur et traite ses donn\u00e9es personnelles conform\u00e9ment \u00e0 la l\u00e9gislation en vigueur. Les donn\u00e9es ne seront pas utilis\u00e9es pour tout autre but si ce n\u2019est celui [&hellip;]<\/p>\n","protected":false},"author":1,"featured_media":0,"parent":0,"menu_order":0,"comment_status":"closed","ping_status":"closed","template":"model-10.php","meta":[],"_links":{"self":[{"href":"https:\/\/davidneto.com\/fr\/wp-json\/wp\/v2\/pages\/424"}],"collection":[{"href":"https:\/\/davidneto.com\/fr\/wp-json\/wp\/v2\/pages"}],"about":[{"href":"https:\/\/davidneto.com\/fr\/wp-json\/wp\/v2\/types\/page"}],"author":[{"embeddable":true,"href":"https:\/\/davidneto.com\/fr\/wp-json\/wp\/v2\/users\/1"}],"replies":[{"embeddable":true,"href":"https:\/\/davidneto.com\/fr\/wp-json\/wp\/v2\/comments?post=424"}],"version-history":[{"count":43,"href":"https:\/\/davidneto.com\/fr\/wp-json\/wp\/v2\/pages\/424\/revisions"}],"predecessor-version":[{"id":1676,"href":"https:\/\/davidneto.com\/fr\/wp-json\/wp\/v2\/pages\/424\/revisions\/1676"}],"wp:attachment":[{"href":"https:\/\/davidneto.com\/fr\/wp-json\/wp\/v2\/media?parent=424"}],"curies":[{"name":"wp","href":"https:\/\/api.w.org\/{rel}","templated":true}]}}