{"id":429,"date":"2019-01-03T16:01:07","date_gmt":"2019-01-03T16:01:07","guid":{"rendered":"http:\/\/davidneto.com\/?page_id=429"},"modified":"2020-08-28T09:04:23","modified_gmt":"2020-08-28T09:04:23","slug":"termos-de-utilizacao","status":"publish","type":"page","link":"https:\/\/davidneto.com\/fr\/termos-de-utilizacao\/","title":{"rendered":"Conditions g\u00e9n\u00e9rales d\u2019utilisation"},"content":{"rendered":"<p style=\"text-align: left;\"><strong>OBJET<\/strong><\/p>\n<p style=\"text-align: left;\">Groupe David Neto peut additionner, changer ou \u00e9liminer n\u2019importe quel terme d\u2019utilisation de son site web en actualisant le contenu de cette page.<\/p>\n<p style=\"text-align: left;\"><strong>ACCEPTATION DES TERMES D\u2019UTILISATION<\/strong><\/p>\n<p style=\"text-align: left;\">En acc\u00e9dant \u00e0 ce site web, l\u2019utilisateur d\u00e9clare avoir lu, compris et accept\u00e9 les termes d\u00e9crits ci-dessous, sans avoir besoin de tout autre consentement post\u00e9rieur.<\/p>\n<p style=\"text-align: left;\"><strong>DROITS D\u2019AUTEUR<\/strong><\/p>\n<p style=\"text-align: left;\">Textes, images, graphiques, t\u00e9l\u00e9chargements, sons, vid\u00e9os, animation et toutes autres informations repr\u00e9sent\u00e9es dans le site web ne peuvent pas \u00eatres copi\u00e9s, distribu\u00e9s, modifi\u00e9s ou mis dans d\u2019autres sites, sans autorisation pr\u00e9alable par \u00e9crit de Groupe David Neto.<\/p>\n<p style=\"text-align: left;\"><strong>LIENS VERS D\u2019AUTRES SITES<\/strong><\/p>\n<p style=\"text-align: left;\">Groupe David Neto pourra mettre \u00e0 disposition sur son website des liens vers d\u2019autres sites.<\/p>\n<p style=\"text-align: left;\">Consid\u00e9rant que ces sites n\u2019appartiennent pas et ne sont ni g\u00e9r\u00e9s ni contr\u00f4l\u00e9s para Groupe David Neto, le m\u00eame ne se responsabilise pas pour son contenu.<\/p>\n<p style=\"text-align: left;\"><strong>EXCLUSION DE RESPONSABILIT\u00c9<\/strong><\/p>\n<p style=\"text-align: left;\">L\u2019information contenue dans ce site web est fournie para Groupe David Neto dans l\u2019\u00e9tat o\u00f9 elle se trouve, et, conforme la loi applicable, est fournie sans aucune sorte de garantie, manifest\u00e9e ou implicite malgr\u00e9 que l\u2019information soit tenue comme correcte, elle peut inclure des erreurs ou impr\u00e9cisions et pourra \u00eatre chang\u00e9e sans avis pr\u00e9alable.<\/p>\n<p style=\"text-align: left;\">Groupe David Neto ne se responsabilisera pas pour quelconque dommage li\u00e9 \u00e0 son utilisation, ou l\u2019impossibilit\u00e9 d\u2019utilisation de ce site web.<\/p>\n<p style=\"text-align: left;\"><strong>LOI APPLICABLE<\/strong><\/p>\n<p style=\"text-align: left;\">Les pr\u00e9sents termes d\u2019utilisation sont r\u00e9gis et \u00e9labor\u00e9s par la l\u00e9gislation portugaise. Tout conflit ou divergence d\u2019interpr\u00e9tation serra soumis au Tribunal portugais comp\u00e9tent.<\/p>\n<p style=\"text-align: left;\"><strong>CONTACT<\/strong><\/p>\n<p style=\"text-align: left;\">Pour tout \u00e9claircissement concernant les pr\u00e9sents termes d\u2019utilisation, l\u2019usager devra contacter <a href=\"mailto:transports@davidneto.com\">transports@davidneto.com<\/a> .<\/p>\n","protected":false},"excerpt":{"rendered":"<p>OBJET Groupe David Neto peut additionner, changer ou \u00e9liminer n\u2019importe quel terme d\u2019utilisation de son site web en actualisant le contenu de cette page. ACCEPTATION DES TERMES D\u2019UTILISATION En acc\u00e9dant \u00e0 ce site web, l\u2019utilisateur d\u00e9clare avoir lu, compris et accept\u00e9 les termes d\u00e9crits ci-dessous, sans avoir besoin de tout autre consentement post\u00e9rieur. DROITS D\u2019AUTEUR [&hellip;]<\/p>\n","protected":false},"author":1,"featured_media":0,"parent":0,"menu_order":0,"comment_status":"closed","ping_status":"closed","template":"model-10.php","meta":[],"_links":{"self":[{"href":"https:\/\/davidneto.com\/fr\/wp-json\/wp\/v2\/pages\/429"}],"collection":[{"href":"https:\/\/davidneto.com\/fr\/wp-json\/wp\/v2\/pages"}],"about":[{"href":"https:\/\/davidneto.com\/fr\/wp-json\/wp\/v2\/types\/page"}],"author":[{"embeddable":true,"href":"https:\/\/davidneto.com\/fr\/wp-json\/wp\/v2\/users\/1"}],"replies":[{"embeddable":true,"href":"https:\/\/davidneto.com\/fr\/wp-json\/wp\/v2\/comments?post=429"}],"version-history":[{"count":14,"href":"https:\/\/davidneto.com\/fr\/wp-json\/wp\/v2\/pages\/429\/revisions"}],"predecessor-version":[{"id":1145,"href":"https:\/\/davidneto.com\/fr\/wp-json\/wp\/v2\/pages\/429\/revisions\/1145"}],"wp:attachment":[{"href":"https:\/\/davidneto.com\/fr\/wp-json\/wp\/v2\/media?parent=429"}],"curies":[{"name":"wp","href":"https:\/\/api.w.org\/{rel}","templated":true}]}}