{"id":5,"date":"2018-04-10T14:52:54","date_gmt":"2018-04-10T14:52:54","guid":{"rendered":"http:\/\/davidneto.com\/?page_id=5"},"modified":"2022-06-22T17:25:30","modified_gmt":"2022-06-22T17:25:30","slug":"grupo","status":"publish","type":"page","link":"https:\/\/davidneto.com\/fr\/","title":{"rendered":"Groupe David Neto"},"content":{"rendered":"<div class=\"page\" title=\"Page 12\">\n<div class=\"layoutArea\">\n<div class=\"column\">\n<p>De nos jours, le monde des affaires \u00e9volue tr\u00e8s rapidement, apr\u00e8s quoi nous pouvons surmonter ces d\u00e9fis et exigences de la logistique avec un \u00e9l\u00e9ment de diff\u00e9renciation. Depuis notre fondation en 1954, nous proposons les solutions de transport les plus adapt\u00e9es.<\/p>\n<p>Le Groupe David Neto s&rsquo;affirme comme un partenaire pluridisciplinaire pr\u00eat \u00e0 r\u00e9pondre aux besoins quotidiens de nos clients des diff\u00e9rentes industries dans lesquelles ils op\u00e8rent.<\/p>\n<\/div>\n<\/div>\n<\/div>\n","protected":false},"excerpt":{"rendered":"<p>De nos jours, le monde des affaires \u00e9volue tr\u00e8s rapidement, apr\u00e8s quoi nous pouvons surmonter ces d\u00e9fis et exigences de la logistique avec un \u00e9l\u00e9ment de diff\u00e9renciation. Depuis notre fondation en 1954, nous proposons les solutions de transport les plus adapt\u00e9es. Le Groupe David Neto s&rsquo;affirme comme un partenaire pluridisciplinaire pr\u00eat \u00e0 r\u00e9pondre aux besoins [&hellip;]<\/p>\n","protected":false},"author":1,"featured_media":0,"parent":0,"menu_order":0,"comment_status":"closed","ping_status":"closed","template":"model-4.php","meta":[],"_links":{"self":[{"href":"https:\/\/davidneto.com\/fr\/wp-json\/wp\/v2\/pages\/5"}],"collection":[{"href":"https:\/\/davidneto.com\/fr\/wp-json\/wp\/v2\/pages"}],"about":[{"href":"https:\/\/davidneto.com\/fr\/wp-json\/wp\/v2\/types\/page"}],"author":[{"embeddable":true,"href":"https:\/\/davidneto.com\/fr\/wp-json\/wp\/v2\/users\/1"}],"replies":[{"embeddable":true,"href":"https:\/\/davidneto.com\/fr\/wp-json\/wp\/v2\/comments?post=5"}],"version-history":[{"count":185,"href":"https:\/\/davidneto.com\/fr\/wp-json\/wp\/v2\/pages\/5\/revisions"}],"predecessor-version":[{"id":1688,"href":"https:\/\/davidneto.com\/fr\/wp-json\/wp\/v2\/pages\/5\/revisions\/1688"}],"wp:attachment":[{"href":"https:\/\/davidneto.com\/fr\/wp-json\/wp\/v2\/media?parent=5"}],"curies":[{"name":"wp","href":"https:\/\/api.w.org\/{rel}","templated":true}]}}