{"id":643,"date":"2019-02-22T11:43:56","date_gmt":"2019-02-22T11:43:56","guid":{"rendered":"http:\/\/davidneto.com\/?page_id=643"},"modified":"2022-02-03T12:07:17","modified_gmt":"2022-02-03T12:07:17","slug":"pedido-de-cotacao","status":"publish","type":"page","link":"https:\/\/davidneto.com\/fr\/grupo\/pedido-de-cotacao\/","title":{"rendered":"Demande de devis"},"content":{"rendered":"<p style=\"text-align: center;\">Que ce soit pour le transport, la logistique ou le tourisme, demandez-nous un devis et soyez au courant des propositions que nous avons pour vos besoins. Nous r\u00e9pondrons \u00e0 votre demande dans un d\u00e9lai maximum de 24\/48 heures.<\/p>\n","protected":false},"excerpt":{"rendered":"<p>Que ce soit pour le transport, la logistique ou le tourisme, demandez-nous un devis et soyez au courant des propositions que nous avons pour vos besoins. Nous r\u00e9pondrons \u00e0 votre demande dans un d\u00e9lai maximum de 24\/48 heures.<\/p>\n","protected":false},"author":1,"featured_media":0,"parent":5,"menu_order":5,"comment_status":"closed","ping_status":"closed","template":"model-11.php","meta":[],"_links":{"self":[{"href":"https:\/\/davidneto.com\/fr\/wp-json\/wp\/v2\/pages\/643"}],"collection":[{"href":"https:\/\/davidneto.com\/fr\/wp-json\/wp\/v2\/pages"}],"about":[{"href":"https:\/\/davidneto.com\/fr\/wp-json\/wp\/v2\/types\/page"}],"author":[{"embeddable":true,"href":"https:\/\/davidneto.com\/fr\/wp-json\/wp\/v2\/users\/1"}],"replies":[{"embeddable":true,"href":"https:\/\/davidneto.com\/fr\/wp-json\/wp\/v2\/comments?post=643"}],"version-history":[{"count":39,"href":"https:\/\/davidneto.com\/fr\/wp-json\/wp\/v2\/pages\/643\/revisions"}],"predecessor-version":[{"id":1669,"href":"https:\/\/davidneto.com\/fr\/wp-json\/wp\/v2\/pages\/643\/revisions\/1669"}],"up":[{"embeddable":true,"href":"https:\/\/davidneto.com\/fr\/wp-json\/wp\/v2\/pages\/5"}],"wp:attachment":[{"href":"https:\/\/davidneto.com\/fr\/wp-json\/wp\/v2\/media?parent=643"}],"curies":[{"name":"wp","href":"https:\/\/api.w.org\/{rel}","templated":true}]}}