{"id":679,"date":"2019-04-16T13:33:28","date_gmt":"2019-04-16T13:33:28","guid":{"rendered":"http:\/\/davidneto.com\/?page_id=679"},"modified":"2020-11-04T10:44:43","modified_gmt":"2020-11-04T10:44:43","slug":"missao","status":"publish","type":"page","link":"https:\/\/davidneto.com\/fr\/grupo\/missao\/","title":{"rendered":"Moving Forward"},"content":{"rendered":"<p style=\"text-align: left;\">David Neto s&rsquo;est toujours efforc\u00e9 de fournir un service de qualit\u00e9 sup\u00e9rieure \u00e0 ses clients, en innovant et en diversifiant activement ses solutions, o\u00f9 la croissance durable et l&rsquo;investissement actif sont les principaux paris. La reconnaissance maximale sera toujours le retour d&rsquo;information de nos clients et c&rsquo;est pourquoi nous travaillons quotidiennement, en restant toujours fid\u00e8les \u00e0 la mission et \u00e0 la vision du groupe.<\/p>\n","protected":false},"excerpt":{"rendered":"<p>David Neto s&rsquo;est toujours efforc\u00e9 de fournir un service de qualit\u00e9 sup\u00e9rieure \u00e0 ses clients, en innovant et en diversifiant activement ses solutions, o\u00f9 la croissance durable et l&rsquo;investissement actif sont les principaux paris. La reconnaissance maximale sera toujours le retour d&rsquo;information de nos clients et c&rsquo;est pourquoi nous travaillons quotidiennement, en restant toujours fid\u00e8les [&hellip;]<\/p>\n","protected":false},"author":1,"featured_media":0,"parent":5,"menu_order":2,"comment_status":"closed","ping_status":"closed","template":"model-13.php","meta":[],"_links":{"self":[{"href":"https:\/\/davidneto.com\/fr\/wp-json\/wp\/v2\/pages\/679"}],"collection":[{"href":"https:\/\/davidneto.com\/fr\/wp-json\/wp\/v2\/pages"}],"about":[{"href":"https:\/\/davidneto.com\/fr\/wp-json\/wp\/v2\/types\/page"}],"author":[{"embeddable":true,"href":"https:\/\/davidneto.com\/fr\/wp-json\/wp\/v2\/users\/1"}],"replies":[{"embeddable":true,"href":"https:\/\/davidneto.com\/fr\/wp-json\/wp\/v2\/comments?post=679"}],"version-history":[{"count":32,"href":"https:\/\/davidneto.com\/fr\/wp-json\/wp\/v2\/pages\/679\/revisions"}],"predecessor-version":[{"id":1321,"href":"https:\/\/davidneto.com\/fr\/wp-json\/wp\/v2\/pages\/679\/revisions\/1321"}],"up":[{"embeddable":true,"href":"https:\/\/davidneto.com\/fr\/wp-json\/wp\/v2\/pages\/5"}],"wp:attachment":[{"href":"https:\/\/davidneto.com\/fr\/wp-json\/wp\/v2\/media?parent=679"}],"curies":[{"name":"wp","href":"https:\/\/api.w.org\/{rel}","templated":true}]}}