{"id":8,"date":"2018-04-10T14:53:27","date_gmt":"2018-04-10T14:53:27","guid":{"rendered":"http:\/\/davidneto.com\/?page_id=8"},"modified":"2021-06-17T16:23:46","modified_gmt":"2021-06-17T16:23:46","slug":"historia","status":"publish","type":"page","link":"https:\/\/davidneto.com\/fr\/grupo\/historia\/","title":{"rendered":"Histoire"},"content":{"rendered":"<div class=\"page\" title=\"Page 16\">\n<div class=\"section\">\n<div class=\"layoutArea\">\n<div class=\"column\">\n<p>Le groupe David Neto est n\u00e9 des aspirations et de la volont\u00e9 de David Soares qui l\u2019a construit \u00e0 partir d\u2019une flotte de seulement quatre camions et en a fait un groupe de r\u00e9f\u00e9rence national et international.<\/p>\n<p>Depuis la cr\u00e9ation du Groupe en 1967, la comp\u00e9tence et la qualit\u00e9 du travail d\u00e9velopp\u00e9 ont donn\u00e9 lieu \u00e0 une croissance soutenue et le pr\u00e9curseur de la naissance de quatre nouvelles entreprises qui ont r\u00e9pondu aux besoins en termes de logistique \/ entreposage, de transport international et dans la livraison rapide des charges urgentes.<\/p>\n<p>Con\u00e7u dans le but d&rsquo;op\u00e9rer dans les domaines les plus divers de la logistique moderne, les soci\u00e9t\u00e9s du groupe David Neto sont devenues des r\u00e9f\u00e9rences du secteur pour la rigueur et la capacit\u00e9 \u00e0 r\u00e9pondre aux exigences de nos jours. Aujourd&rsquo;hui, vous avez l&rsquo;exp\u00e9rience, la s\u00e9curit\u00e9 et la confiance n\u00e9cessaires pour devenir le meilleur partenaire logistique europ\u00e9en de votre entreprise!<\/p>\n<\/div>\n<\/div>\n<\/div>\n<\/div>\n","protected":false},"excerpt":{"rendered":"<p>Le groupe David Neto est n\u00e9 des aspirations et de la volont\u00e9 de David Soares qui l\u2019a construit \u00e0 partir d\u2019une flotte de seulement quatre camions et en a fait un groupe de r\u00e9f\u00e9rence national et international. Depuis la cr\u00e9ation du Groupe en 1967, la comp\u00e9tence et la qualit\u00e9 du travail d\u00e9velopp\u00e9 ont donn\u00e9 lieu [&hellip;]<\/p>\n","protected":false},"author":1,"featured_media":0,"parent":5,"menu_order":0,"comment_status":"closed","ping_status":"closed","template":"model-1.php","meta":[],"_links":{"self":[{"href":"https:\/\/davidneto.com\/fr\/wp-json\/wp\/v2\/pages\/8"}],"collection":[{"href":"https:\/\/davidneto.com\/fr\/wp-json\/wp\/v2\/pages"}],"about":[{"href":"https:\/\/davidneto.com\/fr\/wp-json\/wp\/v2\/types\/page"}],"author":[{"embeddable":true,"href":"https:\/\/davidneto.com\/fr\/wp-json\/wp\/v2\/users\/1"}],"replies":[{"embeddable":true,"href":"https:\/\/davidneto.com\/fr\/wp-json\/wp\/v2\/comments?post=8"}],"version-history":[{"count":39,"href":"https:\/\/davidneto.com\/fr\/wp-json\/wp\/v2\/pages\/8\/revisions"}],"predecessor-version":[{"id":1604,"href":"https:\/\/davidneto.com\/fr\/wp-json\/wp\/v2\/pages\/8\/revisions\/1604"}],"up":[{"embeddable":true,"href":"https:\/\/davidneto.com\/fr\/wp-json\/wp\/v2\/pages\/5"}],"wp:attachment":[{"href":"https:\/\/davidneto.com\/fr\/wp-json\/wp\/v2\/media?parent=8"}],"curies":[{"name":"wp","href":"https:\/\/api.w.org\/{rel}","templated":true}]}}